{"id":436,"date":"2021-10-07T16:20:37","date_gmt":"2021-10-07T16:20:37","guid":{"rendered":"https:\/\/www.fie.umich.mx\/aula-virtual\/?page_id=436"},"modified":"2021-10-22T04:47:59","modified_gmt":"2021-10-22T04:47:59","slug":"reglamento","status":"publish","type":"page","link":"https:\/\/www.fie.umich.mx\/aula-virtual\/reglamento\/","title":{"rendered":"Reglamento"},"content":{"rendered":"<h5><strong>Cap\u00edtulo 1. Principios Generales<\/strong><\/h5>\n<p style=\"text-align: justify;\"><strong>Art\u00edculo 1<\/strong>. El Aula Virtual, forma parte de la infraestructura de la Facultad de Ingenier\u00eda El\u00e9ctrica de la Universidad Michoacana de San Nicol\u00e1s de Hidalgo.<\/p>\n<p><strong>Art\u00edculo 2<\/strong>. Son fines del Aula:<\/p>\n<ol>\n<li style=\"list-style-type: none;\">\n<ol>\n<li style=\"list-style-type: none;\">\n<ol>\n<li style=\"text-align: justify;\">Facilitar el espacio, material y equipo existente en \u00e9sta \u00e1rea, para la impartici\u00f3n de las materias curriculares contempladas en los planes de estudios de la Facultad de Ingenier\u00eda El\u00e9ctrica y en los convenios con otras Facultades de la UMSNH.<\/li>\n<li style=\"text-align: justify;\">Facilitar el espacio, material y equipo con que cuente el laboratorio, a alumnos y profesores de la Facultad de Ingenier\u00eda El\u00e9ctrica en actividades complementarias asociadas a las materias curriculares.<\/li>\n<li style=\"text-align: justify;\">Proponer e implementar programas de Servicio Social para los alumnos de la Facultad de Ingenier\u00eda El\u00e9ctrica.<\/li>\n<li style=\"text-align: justify;\">Participar en los programas de difusi\u00f3n y extensi\u00f3n universitaria.<\/li>\n<li style=\"text-align: justify;\">Realizar actividades que promuevan aspectos acad\u00e9micos, cient\u00edficos y culturales, especialmente los relacionados con los programas de estudio ofertados por la Facultad de Ingenier\u00eda El\u00e9ctrica.<\/li>\n<\/ol>\n<\/li>\n<\/ol>\n<\/li>\n<\/ol>\n<p><strong>Art\u00edculo 3<\/strong>. Los usuarios del Aula Virtual son los siguientes en orden de prioridad:<\/p>\n<ol>\n<li style=\"list-style-type: none;\">\n<ol>\n<li style=\"list-style-type: none;\">\n<ol>\n<li style=\"text-align: justify;\">Los alumnos y profesores de los programas de estudio ofertados por la Facultad de Ingenier\u00eda El\u00e9ctrica, que tienen actividades curriculares programadas en el aula.<\/li>\n<li style=\"text-align: justify;\">Los alumnos y profesores de otras facultades de la UMSNH, con las cuales la Facultad de Ingenier\u00eda El\u00e9ctrica tiene convenio de colaboraci\u00f3n.<\/li>\n<li style=\"text-align: justify;\">Otras personas que accedan al aula con motivo de alguna actividad enmarcada dentro de los fines del Aula Virtual, tales como: asesor\u00edas, cursos especiales, actividades de difusi\u00f3n y servicio social.<\/li>\n<\/ol>\n<\/li>\n<\/ol>\n<\/li>\n<\/ol>\n<p style=\"text-align: justify;\"><strong>Art\u00edculo 4<\/strong>. Todos los usuarios del Aula Virtual ser\u00e1n tratados de manera respetuosa, y de igual manera los usuarios deber\u00e1n ser respetuosos con el personal que labora en el mismo.<\/p>\n<p style=\"text-align: justify;\"><strong>Art\u00edculo 5<\/strong>. Ninguna persona deber\u00e1 utilizar las instalaciones o el equipo del aula para beneficio particular o intereses ajenos a la propia instituci\u00f3n.<\/p>\n<h5><strong>Cap\u00edtulo 2. De la Estructura del Aula Virtual<\/strong><\/h5>\n<p style=\"text-align: justify;\"><strong>Art\u00edculo 6<\/strong>. El personal podr\u00e1 estar conformado por un Encargado, T\u00e9cnicos Acad\u00e9micos y Ayudantes de T\u00e9cnicos Acad\u00e9micos.<\/p>\n<p><strong>Art\u00edculo 7<\/strong>. Para ser el Encargado del Aula Virtual se requiere:<\/p>\n<ol>\n<li style=\"list-style-type: none;\">\n<ol>\n<li style=\"list-style-type: none;\">\n<ol>\n<li style=\"text-align: justify;\">Ser personal acad\u00e9mico de tiempo completo con car\u00e1cter definitivo en la Facultad de Ingenier\u00eda El\u00e9ctrica.<\/li>\n<li style=\"text-align: justify;\">Tomar en cuenta la opini\u00f3n de los integrantes que laboran en el aula para ser designado.<\/li>\n<li style=\"text-align: justify;\">Ser nombrado por el director de la Facultad de Ingenier\u00eda El\u00e9ctrica.<\/li>\n<li style=\"text-align: justify;\">No gozar de permiso alguno en el momento de su nombramiento.<\/li>\n<\/ol>\n<\/li>\n<\/ol>\n<\/li>\n<\/ol>\n<p><strong>Art\u00edculo 8<\/strong>. Son derechos y obligaciones del encargado del Aula Virtual:<\/p>\n<ol>\n<li style=\"list-style-type: none;\">\n<ol>\n<li style=\"list-style-type: none;\">\n<ol>\n<li style=\"text-align: justify;\">Responsabilizarse del acervo de equipo resguardado en el laboratorio.<\/li>\n<li style=\"text-align: justify;\">Representar al aula ante las autoridades superiores y ante instancias externas a \u00e9l.<\/li>\n<li style=\"text-align: justify;\">Gestionar recursos para mantener o mejorar el equipo, materiales e instalaciones del aula.<\/li>\n<li style=\"text-align: justify;\">Fomentar y coordinar acciones para el cuidado de las instalaciones, los componentes y el equipo existente.<\/li>\n<li style=\"text-align: justify;\">Coordinar a los t\u00e9cnicos acad\u00e9micos y ayudantes de t\u00e9cnicos acad\u00e9micos asignados al aula.<\/li>\n<li style=\"text-align: justify;\">Acordar con los t\u00e9cnicos acad\u00e9micos y ayudantes de t\u00e9cnicos acad\u00e9micos, su carga de trabajo a desarrollar al inicio de cada semestre.<\/li>\n<li style=\"text-align: justify;\">Acordar con los t\u00e9cnicos acad\u00e9micos y ayudantes de t\u00e9cnicos acad\u00e9micos, la realizaci\u00f3n de comisiones temporales, tanto acad\u00e9micas como de servicio no previstas, cuando sea necesario.<\/li>\n<li style=\"text-align: justify;\">Fomentar la participaci\u00f3n de los t\u00e9cnicos acad\u00e9micos y ayudantes de t\u00e9cnicos acad\u00e9micos, en actividades de investigaci\u00f3n, difusi\u00f3n y extensi\u00f3n universitaria.<\/li>\n<li style=\"text-align: justify;\">Coordinar los trabajos de mantenimiento correctivo y preventivo del equipo.<\/li>\n<li style=\"text-align: justify;\">Coordinar los programas de servicio social que se realicen en el laboratorio.<\/li>\n<li style=\"text-align: justify;\">Coordinar y programar los cursos solicitados por usuarios al exterior de la facultad.<\/li>\n<li style=\"text-align: justify;\">Aplicar sanciones a los alumnos que no respeten el reglamento o que realicen alg\u00fan da\u00f1o al equipo o infraestructura del aula, ya sea por omisi\u00f3n, descuido, o de manera intencional; as\u00ed como de realizar los reportes sobre incidencias con usuarios o personal del aula a las instancias correspondientes para ejercer las acciones conducentes.<\/li>\n<li style=\"text-align: justify;\">Autorizar el uso del aula fuera de horario, previa solicitud.<\/li>\n<li style=\"text-align: justify;\">Autorizar el uso de equipo y\/o material fuera de las instalaciones del aula.<\/li>\n<li style=\"text-align: justify;\">Convocar al personal a su cargo a reuniones de organizaci\u00f3n.<\/li>\n<\/ol>\n<\/li>\n<\/ol>\n<\/li>\n<\/ol>\n<p><strong>Art\u00edculo 9<\/strong>. Son derechos y obligaciones de los T\u00e9cnicos Acad\u00e9micos y Ayudantes de T\u00e9cnico Acad\u00e9mico.<\/p>\n<ol>\n<li style=\"list-style-type: none;\">\n<ol>\n<li style=\"list-style-type: none;\">\n<ol>\n<li style=\"text-align: justify;\">Encargarse de la correcta operaci\u00f3n de los diversos servicios que presta el aula.<\/li>\n<li style=\"text-align: justify;\">Administrar el espacio para la realizaci\u00f3n de actividades acad\u00e9micas fuera de las clases programadas.<\/li>\n<li style=\"text-align: justify;\">Dar servicio a usuarios externos, previa autorizaci\u00f3n o convenio con la Facultad de Ingenier\u00eda El\u00e9ctrica.<\/li>\n<li style=\"text-align: justify;\">Mantener en orden y buen estado las instalaciones, material y equipos del laboratorio, as\u00ed como de operar sesiones de mantenimiento preventivo y correctivo para el mismo.<\/li>\n<li style=\"text-align: justify;\">Llamar la atenci\u00f3n y en su caso expulsar del aula, a los usuarios que incurran en acciones inadecuadas o en contra de este reglamento.<\/li>\n<li style=\"text-align: justify;\">Reportar al encargado del Aula Virtual las situaciones suscitadas en el mismo, las cuales perjudiquen de alguna manera al aula, al personal adscrito o al trabajo acad\u00e9mico que en \u00e9l se realiza.<\/li>\n<li style=\"text-align: justify;\">Asistir a las reuniones convocadas por el encargado de \u00e1rea.<\/li>\n<\/ol>\n<\/li>\n<\/ol>\n<\/li>\n<\/ol>\n<h5><strong>Cap\u00edtulo 3. De los Servicios del Aula Virtual y su Operaci\u00f3n.<\/strong><\/h5>\n<p style=\"text-align: justify;\"><strong>Art\u00edculo 10<\/strong>. Para cumplir con los fines contemplados en el Art\u00edculo 2\u00b0, los servicios prestados por el Aula Virtual, deber\u00e1n ofrecerse a los usuarios de manera razonable para minimizar en lo posible el deterioro del material y equipo disponible. Para esto, deber\u00e1n regularse por los art\u00edculos consignados en el presente reglamento.<\/p>\n<p style=\"text-align: justify;\"><strong>Art\u00edculo 11<\/strong>. El acceso a los alumnos al aula virtual estar\u00e1 supeditada a la presencia de su profesor de materia, siendo este un requisito indispensable para la realizaci\u00f3n de cualquier actividad.<\/p>\n<p style=\"text-align: justify;\"><strong>Art\u00edculo 12<\/strong>. Ning\u00fan usuario har\u00e1 mal uso del equipo disponible en el aula, cualquier profesor o t\u00e9cnico acad\u00e9mico podr\u00e1 llamarle la atenci\u00f3n y retirarle e1 equipo para salvaguardarlo.<\/p>\n<p style=\"text-align: justify;\"><strong>Art\u00edculo 13<\/strong>. No se permite consumir alimentos o bebidas en el aula, especialmente durante la realizaci\u00f3n de actividades acad\u00e9micas que impliquen el uso de equipo de c\u00f3mputo, herramienta o componentes electr\u00f3nicos.<\/p>\n<p style=\"text-align: justify;\"><strong>Art\u00edculo 14<\/strong>. E1 horario de atenci\u00f3n del Aula Virtual depender\u00e1 del n\u00famero de t\u00e9cnicos y ayudantes de t\u00e9cnicos acad\u00e9micos disponibles cada semestre, y acorde a su carga acad\u00e9mica aprobada por el consejo t\u00e9cnico.<\/p>\n<p style=\"text-align: justify;\"><strong>Art\u00edculo 15<\/strong>. En el caso de que la clase a impartir requiera el uso del equipo de c\u00f3mputo port\u00e1til, deber\u00e1 cuidarse de no programar actividades una hora previa y una hora posterior a dicha clase. Esto con el fin de dar tiempo suficiente de recarga a la bater\u00eda de los equipos utilizados.<\/p>\n<p style=\"text-align: justify;\"><strong>Art\u00edculo 16<\/strong>. En el aula virtual se cuenta con un \u00e1rea, en donde se guarda el equipo de c\u00f3mputo port\u00e1til, as\u00ed como algunos otros equipos necesarios para las clases impartidas en dicha aula. Los equipos est\u00e1n etiquetados claramente con un n\u00famero que los identifica, y deber\u00e1n ser colocados en la ranura correspondiente del gabinete destinado al resguardo de dicho equipo.<\/p>\n<p><strong>Art\u00edculo 17<\/strong>. Respecto al uso del equipo del aula, se deber\u00e1 observar lo siguiente:<\/p>\n<ol>\n<li style=\"list-style-type: none;\">\n<ol>\n<li style=\"list-style-type: none;\">\n<ol>\n<li style=\"text-align: justify;\">El material y equipo disponible en el aula se presta a los estudiantes por el profesor que imparte la materia; esto durante las sesiones programadas de las materias, y para su uso en el interior del mismo.<\/li>\n<li style=\"text-align: justify;\">El material y\/o equipo adicional que requiera el profesor, y que no est\u00e9 disponible en los gabinetes del \u00e1rea, ser\u00e1 solicitado al encargado del Aula virtual, al inicio del semestre, y quedar\u00e1 supeditado a la disponibilidad en el mercado, as\u00ed como de los recursos destinados al equipamiento de las \u00e1reas.<\/li>\n<li style=\"text-align: justify;\">El material y\/o equipo que utilicen los estudiantes, deber\u00e1 ser anotado en la Registro de Uso de los Equipos del Aula Virtual, en la cual estar\u00e1 disponible al inicio de las clases y en donde se anotar\u00e1n los siguientes datos:<br \/>\na. Nombre del usuario<br \/>\nb. Matr\u00edcula del usuario<br \/>\nc. Equipos utilizados<br \/>\nd. Nombre del profesor de la materia<br \/>\ne. Nombre de la materia.<br \/>\nf. Fecha y horario de la materia<br \/>\nEsta informaci\u00f3n deber\u00e1 ser verificada por el profesor que impartir\u00e1 la clase de la materia en cuesti\u00f3n.<\/li>\n<li style=\"text-align: justify;\">Antes de utilizar el material y equipo, los usuarios deber\u00e1n verificar su correcto funcionamiento. En caso de detectar alg\u00fan desperfecto deber\u00e1n reportarlo al t\u00e9cnico acad\u00e9mico o responsable en turno, quien revisar\u00e1 la bit\u00e1cora de uso para identificar a la o las personas que lo utilizaron la \u00faltima vez, y determinar qui\u00e9n ser\u00e1 el responsable de la reparaci\u00f3n del da\u00f1o.<\/li>\n<li style=\"text-align: justify;\">Durante la clase el profesor deber\u00e1 revisar el uso del material y equipo prestado, esto para evitar posibles da\u00f1os al mismo y accidentes en los usuarios.<\/li>\n<li style=\"text-align: justify;\">En caso de da\u00f1ar alg\u00fan equipo o material durante la clase, el profesor informara al t\u00e9cnico acad\u00e9mico y\/o encargado en turno para confirmar el da\u00f1o y el resarcimiento del mismo.<\/li>\n<li style=\"text-align: justify;\">Ocasionalmente se podr\u00e1 prestar el material y\/o equipo del aula para su uso fuera de la misma, siempre y cuando no exista conflicto con alguna materia que ocupe dicho material, y que exista causa justificada, siendo necesaria siempre la autorizaci\u00f3n del encargado del Aula Virtual.<\/li>\n<\/ol>\n<\/li>\n<\/ol>\n<\/li>\n<\/ol>\n<p style=\"text-align: justify;\"><strong>Art\u00edculo 18<\/strong>. En caso de usuarios que requieran el uso del aula, pero fuera de las sesiones programadas, deber\u00e1 acudir con el encargado del Aula Virtual para solicitarlo y verificar la posibilidad de programar una sesi\u00f3n extra-clase, la cual estar\u00e1 sujeta a disponibilidad de horario, y que cumpla con las condiciones marcadas en los art\u00edculos 14 y 16 del presente reglamento.<\/p>\n<h5><strong>Cap\u00edtulo 4. De los Profesores que Imparten Clase en el Aula Virtual.<\/strong><\/h5>\n<p style=\"text-align: justify;\"><strong>Art\u00edculo 19<\/strong>. Los profesores son los encargados de impartir las materias, vigilar el cumplimiento del horario y evitar al m\u00e1ximo el mal uso del equipo.<\/p>\n<p style=\"text-align: justify;\"><strong>Art\u00edculo 20<\/strong>. Los profesores de las materias programadas deber\u00e1n reservar por lo menos 5 minutos al final de la sesi\u00f3n para permitir que sus alumnos ubiquen el equipo utilizado en el \u00e1rea correspondiente, y dejen ordenado su espacio de trabajo.<\/p>\n<p><strong>Art\u00edculo 21<\/strong>. Respecto al control de da\u00f1os a equipo, y mobiliario:<\/p>\n<ol>\n<li style=\"list-style-type: none;\">\n<ol>\n<li style=\"list-style-type: none;\">\n<ol>\n<li style=\"text-align: justify;\">El profesor es el primer responsable de reportar da\u00f1os o mal funcionamiento del equipo al personal del \u00e1rea en cuanto se detecten.<\/li>\n<li style=\"text-align: justify;\">El profesor tambi\u00e9n es el primer responsable de evitar da\u00f1os al equipo y mobiliario durante la impartici\u00f3n de sus clases<\/li>\n<li style=\"text-align: justify;\">Cuando ocurra un da\u00f1o al equipo o mobiliario durante su clase, deslindar responsabilidades y reportar el da\u00f1o con los t\u00e9cnicos acad\u00e9micos.<\/li>\n<\/ol>\n<\/li>\n<\/ol>\n<\/li>\n<\/ol>\n<h5><strong>Cap\u00edtulo 5. De los Alumnos que Usan el Aula Virtual.<\/strong><\/h5>\n<p style=\"text-align: justify;\"><strong>\u00a0<\/strong><strong>Art\u00edculo 22<\/strong>. Los alumnos tendr\u00e1n derecho al uso de instalaciones, equipo de c\u00f3mputo, sensores y dem\u00e1s equipo necesario para concluir con \u00e9xito el objetivo de su clase. Este derecho est\u00e1 limitado por la capacidad y disponibilidad de recursos del Aula Virtual.<\/p>\n<p style=\"text-align: justify;\"><strong>Art\u00edculo 23<\/strong>. Los alumnos tendr\u00e1n la obligaci\u00f3n de cuidar y hacer uso apropiado de las instalaciones y equipo disponible, as\u00ed como atender las indicaciones de su profesor y del personal responsable del aula.<\/p>\n<p style=\"text-align: justify;\"><strong>Art\u00edculo 24<\/strong>. E1 alumno deber\u00e1 revisar e1 equipo recibido, y en caso necesario, reportar al profesor y\/o personal responsable del aula cualquier falla encontrada en los primeros minutos de la sesi\u00f3n.<\/p>\n<p style=\"text-align: justify;\"><strong>\u00a0<\/strong><strong>Art\u00edculo 25<\/strong>. Los alumnos que utilicen el equipo disponible en el Aula virtual, al final de su clase, deber\u00e1n dejar ordenado y limpio el espacio utilizado, as\u00ed como tambi\u00e9n colocar cuidadosamente el equipo en el lugar designado para tal efecto. En caso de no hacerlo, cualquier da\u00f1o detectado posteriormente, podr\u00eda ser imputado a dichos alumnos.<\/p>\n<p style=\"text-align: justify;\"><strong>Art\u00edculo 26<\/strong>. Los alumnos deber\u00e1n cuidar el mobiliario y equipo existente en el Aula Virtual. Las instrucciones del cuidado y manejo de los equipos deber\u00e1n ser proporcionadas por los profesores que imparte las pr\u00e1cticas y\/o por el personal responsable del \u00e1rea.<\/p>\n<h5><strong>Cap\u00edtulo 6.\u00a0 De las Sanciones<\/strong><\/h5>\n<p style=\"text-align: justify;\"><strong>\u00a0<\/strong><strong>Art\u00edculo 27<\/strong>. En caso de que los usuarios causen da\u00f1os a los materiales, instalaciones y\/o equipos del Aula Virtual por mal uso, o negligencia, se aplicar\u00e1n sanciones.<\/p>\n<p style=\"text-align: justify;\"><strong>Art\u00edculo 28<\/strong>. Las sanciones a los alumnos se ver\u00e1n reflejadas en el sistema de control escolar de la facultad de Ing. El\u00e9ctrica, lo que implica que, en caso de no reparar el da\u00f1o, el alumno puede quedar impedido de inscribirse al siguiente semestre o realizar tr\u00e1mites de titulaci\u00f3n.<\/p>\n<p style=\"text-align: justify;\"><strong>\u00a0<\/strong><strong>Art\u00edculo 29<\/strong>. Las sanciones consistir\u00e1n en la reparaci\u00f3n o reposici\u00f3n del mobiliario y\/o equipo da\u00f1ado.<\/p>\n<p style=\"text-align: justify;\"><strong>Art\u00edculo 30<\/strong>. En casos extraordinarios donde el usuario no pueda conseguir el material o equipo da\u00f1ado, se deber\u00e1 reintegrar al Aula Virtual el valor comercial vigente del mismo. El valor comercial se determinar\u00e1 mediante la consulta a alg\u00fan proveedor reconocido, incluyendo impuestos y gastos de env\u00edo.<\/p>\n<p style=\"text-align: justify;\"><strong>Art\u00edculo 31<\/strong>. Las sanciones podr\u00e1n aplicarse con <u>agravantes<\/u> si se detecta que se trat\u00f3 de ocultar el da\u00f1o (no reportar oportunamente al profesor o personal responsable del Aula Virtual) o que dicho da\u00f1o haya sido causado intencionalmente.<\/p>\n","protected":false},"excerpt":{"rendered":"<p>Cap\u00edtulo 1. Principios Generales Art\u00edculo 1. El Aula Virtual, forma<a class=\"more-link\" href=\"https:\/\/www.fie.umich.mx\/aula-virtual\/reglamento\/\">Leer m\u00e1s \u2192<\/a><\/p>\n","protected":false},"author":2,"featured_media":0,"parent":0,"menu_order":0,"comment_status":"closed","ping_status":"closed","template":"","meta":{"wpupg_custom_link":[],"wpupg_custom_link_behaviour":["default"],"wpupg_custom_image":[],"wpupg_custom_image_id":[],"ngg_post_thumbnail":0,"cybocfi_hide_featured_image":""},"_links":{"self":[{"href":"https:\/\/www.fie.umich.mx\/aula-virtual\/wp-json\/wp\/v2\/pages\/436"}],"collection":[{"href":"https:\/\/www.fie.umich.mx\/aula-virtual\/wp-json\/wp\/v2\/pages"}],"about":[{"href":"https:\/\/www.fie.umich.mx\/aula-virtual\/wp-json\/wp\/v2\/types\/page"}],"author":[{"embeddable":true,"href":"https:\/\/www.fie.umich.mx\/aula-virtual\/wp-json\/wp\/v2\/users\/2"}],"replies":[{"embeddable":true,"href":"https:\/\/www.fie.umich.mx\/aula-virtual\/wp-json\/wp\/v2\/comments?post=436"}],"version-history":[{"count":12,"href":"https:\/\/www.fie.umich.mx\/aula-virtual\/wp-json\/wp\/v2\/pages\/436\/revisions"}],"predecessor-version":[{"id":507,"href":"https:\/\/www.fie.umich.mx\/aula-virtual\/wp-json\/wp\/v2\/pages\/436\/revisions\/507"}],"wp:attachment":[{"href":"https:\/\/www.fie.umich.mx\/aula-virtual\/wp-json\/wp\/v2\/media?parent=436"}],"curies":[{"name":"wp","href":"https:\/\/api.w.org\/{rel}","templated":true}]}}