{"id":436,"date":"2021-10-07T16:20:32","date_gmt":"2021-10-07T16:20:32","guid":{"rendered":"https:\/\/www.fie.umich.mx\/lab-computo\/?page_id=436"},"modified":"2021-10-13T18:52:11","modified_gmt":"2021-10-13T18:52:11","slug":"reglamento","status":"publish","type":"page","link":"https:\/\/www.fie.umich.mx\/lab-computo\/reglamento\/","title":{"rendered":"Reglamento"},"content":{"rendered":"<h5 style=\"text-align: center;\"><strong>Universidad Michoacana de San Nicol\u00e1s de Hidalgo<\/strong><\/h5>\n<h5 style=\"text-align: center;\"><strong>Sala de C\u00f3mputo de Auto-acceso de la Facultad de Ingenier\u00eda El\u00e9ctrica<\/strong><\/h5>\n<p><strong>REGLAMENTO INTERNO<\/strong><\/p>\n<p><strong>USUARIOS QUE PODR\u00c1N HACER USO DE LAS INSTALACIONES<\/strong><\/p>\n<ul>\n<li style=\"text-align: justify;\">Usuarios Universitarios. Conformada por los estudiantes, docentes, investigadores empleados y pasantes en periodo de titulaci\u00f3n o graduaci\u00f3n de la Facultad de Ingenier\u00eda el\u00e9ctrica debidamente acreditados.<\/li>\n<\/ul>\n<p><strong>RESTRICCIONES.<\/strong><\/p>\n<ul>\n<li style=\"text-align: justify;\">Se proh\u00edbe estrictamente fumar, introducir alimentos o bebidas, tirara basura o hacer esc\u00e1ndalo en la sala de c\u00f3mputo de auto-acceso.<\/li>\n<li style=\"text-align: justify;\">Se proh\u00edbe estrictamente jugar, acceder a p\u00e1ginas pornogr\u00e1ficas y chatear.<\/li>\n<li style=\"text-align: justify;\">Queda estrictamente prohibido mover equipo, conectar y\/o desconectar equipos, interfaces, etc.<\/li>\n<li style=\"text-align: justify;\">Los usuarios deber\u00e1n respetar el horario de mantenimiento del equipo de c\u00f3mputo, por lo que, en ocasiones, las m\u00e1quinas estar\u00e1n en proceso de actualizaci\u00f3n y\/o instalaci\u00f3n de software.<\/li>\n<li style=\"text-align: justify;\">El usuario debe utilizar discos y memorias USB en buenas condiciones y evitar introducir objetos ajenos al equipo en las unidades de disco, tener respaldo de su informaci\u00f3n contenida en los discos duros, ya que el centro de c\u00f3mputo no se hace responsable de esta informaci\u00f3n.<\/li>\n<li style=\"text-align: justify;\">El usuario deber\u00e1 reportar cualquier falla que observe en el equipo, ya sea de hardware o de configuraci\u00f3n de software al encargado de la sala.<\/li>\n<li style=\"text-align: justify;\">En caso de que los equipos existentes no sean suficientes, el tiempo de uso del equipo ser\u00e1 limitado a 2 horas por usuario.<\/li>\n<li style=\"text-align: justify;\">Queda estrictamente prohibido instalar software en las computadoras de la sala de c\u00f3mputo de auto-acceso, borrar archivos y cambiar configuraciones ya sea de paquetes o del sistema operativo.<\/li>\n<li style=\"text-align: justify;\">El usuario debe dejar el \u00e1rea de trabajo limpia, el quipo apagado (monitor y cpu), las sillas acomodadas.<\/li>\n<\/ul>\n","protected":false},"excerpt":{"rendered":"<p>Universidad Michoacana de San Nicol\u00e1s de Hidalgo Sala de C\u00f3mputo<a class=\"more-link\" href=\"https:\/\/www.fie.umich.mx\/lab-computo\/reglamento\/\">Leer m\u00e1s \u2192<\/a><\/p>\n","protected":false},"author":2,"featured_media":0,"parent":0,"menu_order":0,"comment_status":"closed","ping_status":"closed","template":"","meta":{"wpupg_custom_link":[],"wpupg_custom_link_behaviour":["default"],"wpupg_custom_image":[],"wpupg_custom_image_id":[],"ngg_post_thumbnail":0,"cybocfi_hide_featured_image":""},"_links":{"self":[{"href":"https:\/\/www.fie.umich.mx\/lab-computo\/wp-json\/wp\/v2\/pages\/436"}],"collection":[{"href":"https:\/\/www.fie.umich.mx\/lab-computo\/wp-json\/wp\/v2\/pages"}],"about":[{"href":"https:\/\/www.fie.umich.mx\/lab-computo\/wp-json\/wp\/v2\/types\/page"}],"author":[{"embeddable":true,"href":"https:\/\/www.fie.umich.mx\/lab-computo\/wp-json\/wp\/v2\/users\/2"}],"replies":[{"embeddable":true,"href":"https:\/\/www.fie.umich.mx\/lab-computo\/wp-json\/wp\/v2\/comments?post=436"}],"version-history":[{"count":3,"href":"https:\/\/www.fie.umich.mx\/lab-computo\/wp-json\/wp\/v2\/pages\/436\/revisions"}],"predecessor-version":[{"id":472,"href":"https:\/\/www.fie.umich.mx\/lab-computo\/wp-json\/wp\/v2\/pages\/436\/revisions\/472"}],"wp:attachment":[{"href":"https:\/\/www.fie.umich.mx\/lab-computo\/wp-json\/wp\/v2\/media?parent=436"}],"curies":[{"name":"wp","href":"https:\/\/api.w.org\/{rel}","templated":true}]}}