{"id":426,"date":"2021-10-07T02:42:36","date_gmt":"2021-10-07T02:42:36","guid":{"rendered":"https:\/\/www.fie.umich.mx\/lab-electrica\/?page_id=426"},"modified":"2021-10-07T03:30:35","modified_gmt":"2021-10-07T03:30:35","slug":"directorio","status":"publish","type":"page","link":"https:\/\/www.fie.umich.mx\/lab-electrica\/directorio\/","title":{"rendered":"Directorio"},"content":{"rendered":"<div id=\"awsm-team-465\" class=\"awsm-grid-wrapper\">\n\t\t\n\t\t\t<div class=\"awsm-grid cards-style style-1 grid-3-col \">\n\t\t\t\t\t\t<div id=\"awsm-member-465-467\" class=\"awsm-grid-card awsm-team-item awsm-scale-anm awsm-all\">\n\t\t\t\t   <figure>\n\t\t\t\t\t\t\t\t\t\t <img width=\"500\" height=\"500\" src=\"https:\/\/www.fie.umich.mx\/lab-electrica\/wp-content\/uploads\/sites\/8\/2021\/10\/roque_500x500px.png\" class=\"attachment-awsm_team size-awsm_team wp-post-image\" alt=\"\" loading=\"lazy\" itemprop=\"image\" \/>\t\t\t\t\t\t\t\t\t\t\t\t\t\t\t\t <figcaption class=\"awsm-figcaption\">\n\t\t\t\t\t\t\t<div class=\"awsm-personal-info\"><h3>Miguel Roque V\u00e1squez Hern\u00e1ndez<\/h3><span>Jefe del Laboratorio de Ing. El\u00e9ctrica<\/span><\/div>\n\t\t\t\t\t\t\t<div class=\"awsm-contact-info\">\n\t\t\t\t\t\t\t\t<p>roque.vasquez@umich.mx<\/p>\t\t\t\t\t\t\t<\/div>\n\t\t\t\t\t\t\t\t\t\t\t\t\t <\/figcaption>\n\t\t\t\t   <\/figure>\n\t\t\t\t<\/div>\n\t\t\t\t\t\t\t<div id=\"awsm-member-465-513\" class=\"awsm-grid-card awsm-team-item awsm-scale-anm awsm-all\">\n\t\t\t\t   <figure>\n\t\t\t\t\t\t\t\t\t\t <img src=\"https:\/\/www.fie.umich.mx\/lab-electrica\/wp-content\/plugins\/awsm-team-pro\/images\/default-user.png\" alt=\"Mar\u00eda Alejandra Mart\u00ednez Guti\u00e9rrez\">\t\t\t\t\t\t\t\t\t\t\t\t\t\t\t\t <figcaption class=\"awsm-figcaption\">\n\t\t\t\t\t\t\t<div class=\"awsm-personal-info\"><h3>Mar\u00eda Alejandra Mart\u00ednez Guti\u00e9rrez<\/h3><span>T\u00c9CNICO ACAD\u00c9MICO<\/span><\/div>\n\t\t\t\t\t\t\t<div class=\"awsm-contact-info\">\n\t\t\t\t\t\t\t\t<p>alejandra.martinez@umich.mx<\/p>\t\t\t\t\t\t\t<\/div>\n\t\t\t\t\t\t\t\t\t\t\t\t\t <\/figcaption>\n\t\t\t\t   <\/figure>\n\t\t\t\t<\/div>\n\t\t\t\t\t\t\t<div id=\"awsm-member-465-468\" class=\"awsm-grid-card awsm-team-item awsm-scale-anm awsm-all\">\n\t\t\t\t   <figure>\n\t\t\t\t\t\t\t\t\t\t <img width=\"500\" height=\"500\" src=\"https:\/\/www.fie.umich.mx\/lab-electrica\/wp-content\/uploads\/sites\/8\/2021\/10\/tizoc_500x500px.png\" class=\"attachment-awsm_team size-awsm_team wp-post-image\" alt=\"\" loading=\"lazy\" itemprop=\"image\" \/>\t\t\t\t\t\t\t\t\t\t\t\t\t\t\t\t <figcaption class=\"awsm-figcaption\">\n\t\t\t\t\t\t\t<div class=\"awsm-personal-info\"><h3>Tizoc L\u00f3pez L\u00f3pez<\/h3><span>T\u00e9cnico Acad\u00e9mico<\/span><\/div>\n\t\t\t\t\t\t\t<div class=\"awsm-contact-info\">\n\t\t\t\t\t\t\t\t<p>tizoc.lopez@umich.mx<\/p>\t\t\t\t\t\t\t<\/div>\n\t\t\t\t\t\t\t\t\t\t\t\t\t <\/figcaption>\n\t\t\t\t   <\/figure>\n\t\t\t\t<\/div>\n\t\t\t\t\t\t\t<div id=\"awsm-member-465-469\" class=\"awsm-grid-card awsm-team-item awsm-scale-anm awsm-all\">\n\t\t\t\t   <figure>\n\t\t\t\t\t\t\t\t\t\t <img width=\"500\" height=\"500\" src=\"https:\/\/www.fie.umich.mx\/lab-electrica\/wp-content\/uploads\/sites\/8\/2021\/10\/heriberto_500x500px.png\" class=\"attachment-awsm_team size-awsm_team wp-post-image\" alt=\"\" loading=\"lazy\" itemprop=\"image\" \/>\t\t\t\t\t\t\t\t\t\t\t\t\t\t\t\t <figcaption class=\"awsm-figcaption\">\n\t\t\t\t\t\t\t<div class=\"awsm-personal-info\"><h3>Heriberto Luna Moreno<\/h3><span>T\u00e9cnico Acad\u00e9mico<\/span><\/div>\n\t\t\t\t\t\t\t<div class=\"awsm-contact-info\">\n\t\t\t\t\t\t\t\t<p>heriberto.luna@umich.mx<\/p>\t\t\t\t\t\t\t<\/div>\n\t\t\t\t\t\t\t\t\t\t\t\t\t <\/figcaption>\n\t\t\t\t   <\/figure>\n\t\t\t\t<\/div>\n\t\t\t\t\t<\/div>\n\t<\/div>\n\n","protected":false},"excerpt":{"rendered":"<p><a class=\"more-link\" href=\"https:\/\/www.fie.umich.mx\/lab-electrica\/awsm_team_member\/heriberto-luna-moreno\/\">Leer m\u00e1s \u2192<\/a><\/p>\n","protected":false},"author":2,"featured_media":0,"parent":0,"menu_order":0,"comment_status":"closed","ping_status":"closed","template":"","meta":{"wpupg_custom_link":[],"wpupg_custom_link_behaviour":["default"],"wpupg_custom_image":[],"wpupg_custom_image_id":[],"ngg_post_thumbnail":0,"cybocfi_hide_featured_image":""},"_links":{"self":[{"href":"https:\/\/www.fie.umich.mx\/lab-electrica\/wp-json\/wp\/v2\/pages\/426"}],"collection":[{"href":"https:\/\/www.fie.umich.mx\/lab-electrica\/wp-json\/wp\/v2\/pages"}],"about":[{"href":"https:\/\/www.fie.umich.mx\/lab-electrica\/wp-json\/wp\/v2\/types\/page"}],"author":[{"embeddable":true,"href":"https:\/\/www.fie.umich.mx\/lab-electrica\/wp-json\/wp\/v2\/users\/2"}],"replies":[{"embeddable":true,"href":"https:\/\/www.fie.umich.mx\/lab-electrica\/wp-json\/wp\/v2\/comments?post=426"}],"version-history":[{"count":2,"href":"https:\/\/www.fie.umich.mx\/lab-electrica\/wp-json\/wp\/v2\/pages\/426\/revisions"}],"predecessor-version":[{"id":466,"href":"https:\/\/www.fie.umich.mx\/lab-electrica\/wp-json\/wp\/v2\/pages\/426\/revisions\/466"}],"wp:attachment":[{"href":"https:\/\/www.fie.umich.mx\/lab-electrica\/wp-json\/wp\/v2\/media?parent=426"}],"curies":[{"name":"wp","href":"https:\/\/api.w.org\/{rel}","templated":true}]}}