{"id":432,"date":"2021-10-07T02:43:23","date_gmt":"2021-10-07T02:43:23","guid":{"rendered":"https:\/\/www.fie.umich.mx\/lab-electrica\/?page_id=432"},"modified":"2025-10-30T02:56:00","modified_gmt":"2025-10-30T02:56:00","slug":"manuales","status":"publish","type":"page","link":"https:\/\/www.fie.umich.mx\/lab-electrica\/manuales\/","title":{"rendered":"Manuales"},"content":{"rendered":"<span class=\"collapseomatic \" id=\"id69f42ae26441d\"  tabindex=\"0\" title=\"Laboratorio de Teor\u00eda Electromagn\u00e9tica I\"    >Laboratorio de Teor\u00eda Electromagn\u00e9tica I<\/span><div id=\"target-id69f42ae26441d\" class=\"collapseomatic_content \">\n<table id=\"tablepress-5\" class=\"tablepress tablepress-id-5\">\n<tbody class=\"row-hover\">\n<tr class=\"row-1 odd\">\n\t<td class=\"column-1\"><a href=\"https:\/\/www.fie.umich.mx\/lab-electrica\/wp-content\/uploads\/sites\/8\/2025\/10\/LTEI.pdf\"target=\"_blank\">&nbsp;&nbsp;&nbsp;&nbsp;&nbsp;&nbsp;&nbsp;&nbsp;&nbsp;&nbsp;&nbsp;\u2014 Practicas de Laboratorio de Teor\u00eda Electromagn\u00e9tica I<\/a><\/td><td class=\"column-2\"><a href=\"https:\/\/www.fie.umich.mx\/lab-electrica\/wp-content\/uploads\/sites\/8\/2025\/10\/LTEI.pdf\" download=\"LTEI\">&nbsp;&nbsp;&nbsp;&nbsp;&nbsp;&nbsp;&nbsp;&nbsp;&nbsp;&nbsp;&nbsp;\u2014 Descargar<\/a><\/td>\n<\/tr>\n<\/tbody>\n<\/table>\n<!-- #tablepress-5 from cache --><\/div>\n&nbsp;<br \/>\n<span class=\"collapseomatic \" id=\"id69f42ae266d42\"  tabindex=\"0\" title=\"Laboratorio de Teor\u00eda Electromagn\u00e9tica II\"    >Laboratorio de Teor\u00eda Electromagn\u00e9tica II<\/span><div id=\"target-id69f42ae266d42\" class=\"collapseomatic_content \">\n<table id=\"tablepress-6\" class=\"tablepress tablepress-id-6\">\n<tbody class=\"row-hover\">\n<tr class=\"row-1 odd\">\n\t<td class=\"column-1\"><a href=\"https:\/\/www.fie.umich.mx\/lab-electrica\/wp-content\/uploads\/sites\/8\/2025\/10\/LTEII.pdf\"target=\"_blank\">&nbsp;&nbsp;&nbsp;&nbsp;&nbsp;&nbsp;&nbsp;&nbsp;&nbsp;&nbsp;&nbsp;\u2014 Practicas de Laboratorio de Teor\u00eda Electromagn\u00e9tica II<\/a><\/td><td class=\"column-2\"><a href=\"https:\/\/www.fie.umich.mx\/lab-electrica\/wp-content\/uploads\/sites\/8\/2025\/10\/LTEII.pdf\" download=\"LTEII\">&nbsp;&nbsp;&nbsp;&nbsp;&nbsp;&nbsp;&nbsp;&nbsp;&nbsp;&nbsp;&nbsp;\u2014 Descargar<\/a><\/td>\n<\/tr>\n<\/tbody>\n<\/table>\n<!-- #tablepress-6 from cache --><\/div>\n&nbsp;<br \/>\n<span class=\"collapseomatic \" id=\"id69f42ae267598\"  tabindex=\"0\" title=\"Laboratorio de Electrometr\u00eda\"    >Laboratorio de Electrometr\u00eda<\/span><div id=\"target-id69f42ae267598\" class=\"collapseomatic_content \">\n<table id=\"tablepress-7\" class=\"tablepress tablepress-id-7\">\n<tbody class=\"row-hover\">\n<tr class=\"row-1 odd\">\n\t<td class=\"column-1\"><a href=\"https:\/\/www.fie.umich.mx\/lab-electrica\/wp-content\/uploads\/sites\/8\/2025\/10\/LE.pdf\" target=\"_blank\" rel=\"noopener\">&nbsp;&nbsp;&nbsp;&nbsp;&nbsp;&nbsp;&nbsp;&nbsp;&nbsp;&nbsp;&nbsp;\u2014 Practicas de Laboratorio de Electrometr\u00eda<\/a><\/td><td class=\"column-2\"><a href=\"https:\/\/www.fie.umich.mx\/lab-electrica\/wp-content\/uploads\/sites\/8\/2025\/10\/LE.pdf\" download=\"LElectrometr\u00eda\">&nbsp;&nbsp;&nbsp;&nbsp;&nbsp;&nbsp;&nbsp;&nbsp;&nbsp;&nbsp;&nbsp;\u2014 Descargar<\/a><\/td>\n<\/tr>\n<\/tbody>\n<\/table>\n<!-- #tablepress-7 from cache --><\/div>\n&nbsp;<br \/>\n<span class=\"collapseomatic \" id=\"id69f42ae267e68\"  tabindex=\"0\" title=\"Laboratorio de Electr\u00f3nica de Potencia I\"    >Laboratorio de Electr\u00f3nica de Potencia I<\/span><div id=\"target-id69f42ae267e68\" class=\"collapseomatic_content \">\n<table id=\"tablepress-9\" class=\"tablepress tablepress-id-9\">\n<tbody class=\"row-hover\">\n<tr class=\"row-1 odd\">\n\t<td class=\"column-1\"><a href=\"https:\/\/www.fie.umich.mx\/lab-electrica\/wp-content\/uploads\/sites\/8\/2025\/10\/Practica1EP1.pdf\" target=\"_blank\" rel=\"noopener\">&nbsp;&nbsp;&nbsp;&nbsp;&nbsp;&nbsp;&nbsp;&nbsp;&nbsp;&nbsp;&nbsp;\u2014  Pr\u00e1ctica 1 - LEPI<\/a><\/td><td class=\"column-2\"><a href=\"https:\/\/www.fie.umich.mx\/lab-electrica\/wp-content\/uploads\/sites\/8\/2025\/10\/Practica1EP1.pdf\" download=\"Pr\u00e1ctica 1-LEPI\">&nbsp;&nbsp;&nbsp;&nbsp;&nbsp;&nbsp;&nbsp;&nbsp;&nbsp;&nbsp;&nbsp;\u2014  Descargar<\/a><\/td>\n<\/tr>\n<tr class=\"row-2 even\">\n\t<td class=\"column-1\"><a href=\"https:\/\/www.fie.umich.mx\/lab-electrica\/wp-content\/uploads\/sites\/8\/2025\/10\/Practica2EP1.pdf\" target=\"_blank\" rel=\"noopener\">&nbsp;&nbsp;&nbsp;&nbsp;&nbsp;&nbsp;&nbsp;&nbsp;&nbsp;&nbsp;&nbsp;\u2014  Pr\u00e1ctica 2 - LEPI<\/a><\/td><td class=\"column-2\"><a href=\"https:\/\/www.fie.umich.mx\/lab-electrica\/wp-content\/uploads\/sites\/8\/2025\/10\/Practica2EP1.pdf\" download=\"Pr\u00e1ctica 2 - LEPI\">&nbsp;&nbsp;&nbsp;&nbsp;&nbsp;&nbsp;&nbsp;&nbsp;&nbsp;&nbsp;&nbsp;\u2014  Descargar<\/a><\/td>\n<\/tr>\n<tr class=\"row-3 odd\">\n\t<td class=\"column-1\"><a href=\"https:\/\/www.fie.umich.mx\/lab-electrica\/wp-content\/uploads\/sites\/8\/2025\/10\/Practica3y4EP1.pdf\" target=\"_blank\" rel=\"noopener\">&nbsp;&nbsp;&nbsp;&nbsp;&nbsp;&nbsp;&nbsp;&nbsp;&nbsp;&nbsp;&nbsp;\u2014  Pr\u00e1ctica 3 y 4- LEPI<\/a><\/td><td class=\"column-2\"><a href=\"https:\/\/www.fie.umich.mx\/lab-electrica\/wp-content\/uploads\/sites\/8\/2025\/10\/Practica3y4EP1.pdf\" download=\"Pr\u00e1ctica 3 y 4 - LEPI\">&nbsp;&nbsp;&nbsp;&nbsp;&nbsp;&nbsp;&nbsp;&nbsp;&nbsp;&nbsp;&nbsp;\u2014  Descargar<\/a><\/td>\n<\/tr>\n<tr class=\"row-4 even\">\n\t<td class=\"column-1\"><a href=\"https:\/\/www.fie.umich.mx\/lab-electrica\/wp-content\/uploads\/sites\/8\/2025\/10\/Practica5EP1.pdf\" target=\"_blank\" rel=\"noopener\">&nbsp;&nbsp;&nbsp;&nbsp;&nbsp;&nbsp;&nbsp;&nbsp;&nbsp;&nbsp;&nbsp;\u2014  Pr\u00e1ctica 5 - LEPI<\/a><\/td><td class=\"column-2\"><a href=\"https:\/\/www.fie.umich.mx\/lab-electrica\/wp-content\/uploads\/sites\/8\/2025\/10\/Practica5EP1.pdf\" download=\"Pr\u00e1ctica 5 - LEPI\">&nbsp;&nbsp;&nbsp;&nbsp;&nbsp;&nbsp;&nbsp;&nbsp;&nbsp;&nbsp;&nbsp;\u2014  Descargar<\/a><\/td>\n<\/tr>\n<tr class=\"row-5 odd\">\n\t<td class=\"column-1\"><a href=\"https:\/\/www.fie.umich.mx\/lab-electrica\/wp-content\/uploads\/sites\/8\/2025\/10\/Practica6EP1.pdf\" target=\"_blank\" rel=\"noopener\">&nbsp;&nbsp;&nbsp;&nbsp;&nbsp;&nbsp;&nbsp;&nbsp;&nbsp;&nbsp;&nbsp;\u2014  Pr\u00e1ctica 6 - LEPI<\/a><\/td><td class=\"column-2\"><a href=\"https:\/\/www.fie.umich.mx\/lab-electrica\/wp-content\/uploads\/sites\/8\/2025\/10\/Practica6EP1.pdf\" download=\"Pr\u00e1ctica 6 - LEPI\">&nbsp;&nbsp;&nbsp;&nbsp;&nbsp;&nbsp;&nbsp;&nbsp;&nbsp;&nbsp;&nbsp;\u2014  Descargar<\/a><\/td>\n<\/tr>\n<tr class=\"row-6 even\">\n\t<td class=\"column-1\"><a href=\"https:\/\/www.fie.umich.mx\/lab-electrica\/wp-content\/uploads\/sites\/8\/2025\/10\/Practica7EP1.pdf\" target=\"_blank\" rel=\"noopener\">&nbsp;&nbsp;&nbsp;&nbsp;&nbsp;&nbsp;&nbsp;&nbsp;&nbsp;&nbsp;&nbsp;\u2014  Pr\u00e1ctica 7 - LEPI<\/a><\/td><td class=\"column-2\"><a href=\"https:\/\/www.fie.umich.mx\/lab-electrica\/wp-content\/uploads\/sites\/8\/2025\/10\/Practica7EP1.pdf\" download=\"Pr\u00e1ctica 7 - LEPI\">&nbsp;&nbsp;&nbsp;&nbsp;&nbsp;&nbsp;&nbsp;&nbsp;&nbsp;&nbsp;&nbsp;\u2014  Descargar<\/a><\/td>\n<\/tr>\n<\/tbody>\n<\/table>\n<!-- #tablepress-9 from cache --><\/div>\n&nbsp;<br \/>\n<span class=\"collapseomatic \" id=\"id69f42ae26859f\"  tabindex=\"0\" title=\"Laboratorio de Electr\u00f3nica de Potencia II\"    >Laboratorio de Electr\u00f3nica de Potencia II<\/span><div id=\"target-id69f42ae26859f\" class=\"collapseomatic_content \">\n<table id=\"tablepress-8\" class=\"tablepress tablepress-id-8\">\n<tbody class=\"row-hover\">\n<tr class=\"row-1 odd\">\n\t<td class=\"column-1\"><a href=\"https:\/\/www.fie.umich.mx\/lab-electrica\/wp-content\/uploads\/sites\/8\/2025\/10\/Portada.pdf\" target=\"_blank\" rel=\"noopener\">&nbsp;&nbsp;&nbsp;&nbsp;&nbsp;&nbsp;&nbsp;&nbsp;&nbsp;&nbsp;&nbsp;\u2014  Portada - LEPII<\/a><\/td><td class=\"column-2\"><a href=\"https:\/\/www.fie.umich.mx\/lab-electrica\/wp-content\/uploads\/sites\/8\/2025\/10\/Portada.pdf\" download=\"Portada - LEPII\">&nbsp;&nbsp;&nbsp;&nbsp;&nbsp;&nbsp;&nbsp;&nbsp;&nbsp;&nbsp;&nbsp;\u2014  Descargar<\/a><\/td>\n<\/tr>\n<tr class=\"row-2 even\">\n\t<td class=\"column-1\"><a href=\"https:\/\/www.fie.umich.mx\/lab-electrica\/wp-content\/uploads\/sites\/8\/2025\/10\/PRACTICA-1-DE-EP.pdf\" target=\"_blank\" rel=\"noopener\">&nbsp;&nbsp;&nbsp;&nbsp;&nbsp;&nbsp;&nbsp;&nbsp;&nbsp;&nbsp;&nbsp;\u2014  Pr\u00e1ctica 1 - LEPII<\/a><\/td><td class=\"column-2\"><a href=\"https:\/\/www.fie.umich.mx\/lab-electrica\/wp-content\/uploads\/sites\/8\/2025\/10\/PRACTICA-1-DE-EP.pdf\" download=\"Pr\u00e1ctica 1-LEPII\">&nbsp;&nbsp;&nbsp;&nbsp;&nbsp;&nbsp;&nbsp;&nbsp;&nbsp;&nbsp;&nbsp;\u2014  Descargar<\/a><\/td>\n<\/tr>\n<tr class=\"row-3 odd\">\n\t<td class=\"column-1\"><a href=\"https:\/\/www.fie.umich.mx\/lab-electrica\/wp-content\/uploads\/sites\/8\/2025\/10\/PRACTICA-2-DE-EP.pdf\" target=\"_blank\" rel=\"noopener\">&nbsp;&nbsp;&nbsp;&nbsp;&nbsp;&nbsp;&nbsp;&nbsp;&nbsp;&nbsp;&nbsp;\u2014  Pr\u00e1ctica 2 - LEPII<\/a><\/td><td class=\"column-2\"><a href=\"https:\/\/www.fie.umich.mx\/lab-electrica\/wp-content\/uploads\/sites\/8\/2025\/10\/PRACTICA-2-DE-EP.pdf\" download=\"Pr\u00e1ctica 2 - LEPII\">&nbsp;&nbsp;&nbsp;&nbsp;&nbsp;&nbsp;&nbsp;&nbsp;&nbsp;&nbsp;&nbsp;\u2014  Descargar<\/a><\/td>\n<\/tr>\n<tr class=\"row-4 even\">\n\t<td class=\"column-1\"><a href=\"https:\/\/www.fie.umich.mx\/lab-electrica\/wp-content\/uploads\/sites\/8\/2025\/10\/PRACTICA-3-DE-EP.pdf\" target=\"_blank\" rel=\"noopener\">&nbsp;&nbsp;&nbsp;&nbsp;&nbsp;&nbsp;&nbsp;&nbsp;&nbsp;&nbsp;&nbsp;\u2014  Pr\u00e1ctica 3 - LEPII<\/a><\/td><td class=\"column-2\"><a href=\"https:\/\/www.fie.umich.mx\/lab-electrica\/wp-content\/uploads\/sites\/8\/2025\/10\/PRACTICA-3-DE-EP.pdf\" download=\"Pr\u00e1ctica 3 - LEPII\">&nbsp;&nbsp;&nbsp;&nbsp;&nbsp;&nbsp;&nbsp;&nbsp;&nbsp;&nbsp;&nbsp;\u2014  Descargar<\/a><\/td>\n<\/tr>\n<tr class=\"row-5 odd\">\n\t<td class=\"column-1\"><a href=\"https:\/\/www.fie.umich.mx\/lab-electrica\/wp-content\/uploads\/sites\/8\/2025\/10\/PRACTICA-4-DE-EP.pdf\" target=\"_blank\" rel=\"noopener\">&nbsp;&nbsp;&nbsp;&nbsp;&nbsp;&nbsp;&nbsp;&nbsp;&nbsp;&nbsp;&nbsp;\u2014  Pr\u00e1ctica 4 - LEPII<\/a><\/td><td class=\"column-2\"><a href=\"https:\/\/www.fie.umich.mx\/lab-electrica\/wp-content\/uploads\/sites\/8\/2025\/10\/PRACTICA-4-DE-EP.pdf\" download=\"Pr\u00e1ctica 4 - LEPII\">&nbsp;&nbsp;&nbsp;&nbsp;&nbsp;&nbsp;&nbsp;&nbsp;&nbsp;&nbsp;&nbsp;\u2014  Descargar<\/a><\/td>\n<\/tr>\n<tr class=\"row-6 even\">\n\t<td class=\"column-1\"><a href=\"https:\/\/www.fie.umich.mx\/lab-electrica\/wp-content\/uploads\/sites\/8\/2025\/10\/PRACTICA-5-DE-EP.pdf\" target=\"_blank\" rel=\"noopener\">&nbsp;&nbsp;&nbsp;&nbsp;&nbsp;&nbsp;&nbsp;&nbsp;&nbsp;&nbsp;&nbsp;\u2014  Pr\u00e1ctica 5 - LEPII<\/a><\/td><td class=\"column-2\"><a href=\"https:\/\/www.fie.umich.mx\/lab-electrica\/wp-content\/uploads\/sites\/8\/2025\/10\/PRACTICA-5-DE-EP.pdf\" download=\"Pr\u00e1ctica 5 - LEPII\">&nbsp;&nbsp;&nbsp;&nbsp;&nbsp;&nbsp;&nbsp;&nbsp;&nbsp;&nbsp;&nbsp;\u2014  Descargar<\/a><\/td>\n<\/tr>\n<\/tbody>\n<\/table>\n<!-- #tablepress-8 from cache --><\/div>\n&nbsp;<br \/>\n<span class=\"collapseomatic \" id=\"id69f42ae268c91\"  tabindex=\"0\" title=\"Laboratorio de M\u00e1quinas El\u00e9ctricas I\"    >Laboratorio de M\u00e1quinas El\u00e9ctricas I<\/span><div id=\"target-id69f42ae268c91\" class=\"collapseomatic_content \">\n<table id=\"tablepress-10\" class=\"tablepress tablepress-id-10\">\n<tbody class=\"row-hover\">\n<tr class=\"row-1 odd\">\n\t<td class=\"column-1\"><a href=\"https:\/\/www.fie.umich.mx\/lab-electrica\/wp-content\/uploads\/sites\/8\/2025\/10\/Portada.pdf\" target=\"_blank\" rel=\"noopener\">&nbsp;&nbsp;&nbsp;&nbsp;&nbsp;&nbsp;&nbsp;&nbsp;&nbsp;&nbsp;&nbsp;\u2014  Portada.pdf<\/a><\/td><td class=\"column-2\"><a href=\"https:\/\/www.fie.umich.mx\/lab-electrica\/wp-content\/uploads\/sites\/8\/2025\/10\/Portada.pdf\" download=\"Portada\">&nbsp;&nbsp;&nbsp;&nbsp;&nbsp;&nbsp;&nbsp;&nbsp;&nbsp;&nbsp;&nbsp;\u2014  Descargar<\/a><\/td>\n<\/tr>\n<tr class=\"row-2 even\">\n\t<td class=\"column-1\"><a href=\"https:\/\/www.fie.umich.mx\/lab-electrica\/wp-content\/uploads\/sites\/8\/2025\/10\/Practica1.pdf\" target=\"_blank\" rel=\"noopener\">&nbsp;&nbsp;&nbsp;&nbsp;&nbsp;&nbsp;&nbsp;&nbsp;&nbsp;&nbsp;&nbsp;\u2014  Practica1.pdf<\/a><\/td><td class=\"column-2\"><a href=\"https:\/\/www.fie.umich.mx\/lab-electrica\/wp-content\/uploads\/sites\/8\/2025\/10\/Practica1.pdf\" download=\"Pr\u00e1ctica1\">&nbsp;&nbsp;&nbsp;&nbsp;&nbsp;&nbsp;&nbsp;&nbsp;&nbsp;&nbsp;&nbsp;\u2014  Descargar<\/a><\/td>\n<\/tr>\n<tr class=\"row-3 odd\">\n\t<td class=\"column-1\"><a href=\"https:\/\/www.fie.umich.mx\/lab-electrica\/wp-content\/uploads\/sites\/8\/2025\/10\/Practica2.pdf\" target=\"_blank\" rel=\"noopener\">&nbsp;&nbsp;&nbsp;&nbsp;&nbsp;&nbsp;&nbsp;&nbsp;&nbsp;&nbsp;&nbsp;\u2014  Practica2.pdf<\/a><\/td><td class=\"column-2\"><a href=\"https:\/\/www.fie.umich.mx\/lab-electrica\/wp-content\/uploads\/sites\/8\/2025\/10\/Practica2.pdf\" download=\"Practica2\">&nbsp;&nbsp;&nbsp;&nbsp;&nbsp;&nbsp;&nbsp;&nbsp;&nbsp;&nbsp;&nbsp;\u2014  Descargar<\/a><\/td>\n<\/tr>\n<tr class=\"row-4 even\">\n\t<td class=\"column-1\"><a href=\"https:\/\/www.fie.umich.mx\/lab-electrica\/wp-content\/uploads\/sites\/8\/2025\/10\/Practica3.pdf\" target=\"_blank\" rel=\"noopener\">&nbsp;&nbsp;&nbsp;&nbsp;&nbsp;&nbsp;&nbsp;&nbsp;&nbsp;&nbsp;&nbsp;\u2014  Practica3.pdf<\/a><\/td><td class=\"column-2\"><a href=\"https:\/\/www.fie.umich.mx\/lab-electrica\/wp-content\/uploads\/sites\/8\/2025\/10\/Practica3.pdf\" download=\"Practica3\">&nbsp;&nbsp;&nbsp;&nbsp;&nbsp;&nbsp;&nbsp;&nbsp;&nbsp;&nbsp;&nbsp;\u2014  Descargar<\/a><\/td>\n<\/tr>\n<tr class=\"row-5 odd\">\n\t<td class=\"column-1\"><a href=\"https:\/\/www.fie.umich.mx\/lab-electrica\/wp-content\/uploads\/sites\/8\/2025\/10\/Practica4.pdf\" target=\"_blank\" rel=\"noopener\">&nbsp;&nbsp;&nbsp;&nbsp;&nbsp;&nbsp;&nbsp;&nbsp;&nbsp;&nbsp;&nbsp;\u2014  Practica4.pdf<\/a><\/td><td class=\"column-2\"><a href=\"https:\/\/www.fie.umich.mx\/lab-electrica\/wp-content\/uploads\/sites\/8\/2025\/10\/Practica4.pdf\" download=\"Practica4\">&nbsp;&nbsp;&nbsp;&nbsp;&nbsp;&nbsp;&nbsp;&nbsp;&nbsp;&nbsp;&nbsp;\u2014  Descargar<\/a><\/td>\n<\/tr>\n<tr class=\"row-6 even\">\n\t<td class=\"column-1\"><a href=\"https:\/\/www.fie.umich.mx\/lab-electrica\/wp-content\/uploads\/sites\/8\/2025\/10\/Practica5.pdf\" target=\"_blank\" rel=\"noopener\">&nbsp;&nbsp;&nbsp;&nbsp;&nbsp;&nbsp;&nbsp;&nbsp;&nbsp;&nbsp;&nbsp;\u2014  Practica5.pdf<\/a><\/td><td class=\"column-2\"><a href=\"https:\/\/www.fie.umich.mx\/lab-electrica\/wp-content\/uploads\/sites\/8\/2025\/10\/Practica5.pdf\" download=\"Practica5\">&nbsp;&nbsp;&nbsp;&nbsp;&nbsp;&nbsp;&nbsp;&nbsp;&nbsp;&nbsp;&nbsp;\u2014  Descargar<\/a><\/td>\n<\/tr>\n<tr class=\"row-7 odd\">\n\t<td class=\"column-1\"><a href=\"https:\/\/www.fie.umich.mx\/lab-electrica\/wp-content\/uploads\/sites\/8\/2025\/10\/Practica6.pdf\" target=\"_blank\" rel=\"noopener\">&nbsp;&nbsp;&nbsp;&nbsp;&nbsp;&nbsp;&nbsp;&nbsp;&nbsp;&nbsp;&nbsp;\u2014  Practica6.pdf<\/a><\/td><td class=\"column-2\"><a href=\"https:\/\/www.fie.umich.mx\/lab-electrica\/wp-content\/uploads\/sites\/8\/2025\/10\/Practica6.pdf\" download=\"Practica6\">&nbsp;&nbsp;&nbsp;&nbsp;&nbsp;&nbsp;&nbsp;&nbsp;&nbsp;&nbsp;&nbsp;\u2014  Descargar<\/a><\/td>\n<\/tr>\n<tr class=\"row-8 even\">\n\t<td class=\"column-1\"><a href=\"https:\/\/www.fie.umich.mx\/lab-electrica\/wp-content\/uploads\/sites\/8\/2025\/10\/Practica7.pdf\" target=\"_blank\" rel=\"noopener\">&nbsp;&nbsp;&nbsp;&nbsp;&nbsp;&nbsp;&nbsp;&nbsp;&nbsp;&nbsp;&nbsp;\u2014  Practica7.pdf<\/a><\/td><td class=\"column-2\"><a href=\"https:\/\/www.fie.umich.mx\/lab-electrica\/wp-content\/uploads\/sites\/8\/2025\/10\/Practica7.pdf\" download=\"Practica7\">&nbsp;&nbsp;&nbsp;&nbsp;&nbsp;&nbsp;&nbsp;&nbsp;&nbsp;&nbsp;&nbsp;\u2014  Descargar<\/a><\/td>\n<\/tr>\n<tr class=\"row-9 odd\">\n\t<td class=\"column-1\"><a href=\"https:\/\/www.fie.umich.mx\/lab-electrica\/wp-content\/uploads\/sites\/8\/2025\/10\/Practica8.pdf\" target=\"_blank\" rel=\"noopener\">&nbsp;&nbsp;&nbsp;&nbsp;&nbsp;&nbsp;&nbsp;&nbsp;&nbsp;&nbsp;&nbsp;\u2014  Practica8.pdf<\/a><\/td><td class=\"column-2\"><a href=\"https:\/\/www.fie.umich.mx\/lab-electrica\/wp-content\/uploads\/sites\/8\/2025\/10\/Practica8.pdf\" download=\"Practica8\">&nbsp;&nbsp;&nbsp;&nbsp;&nbsp;&nbsp;&nbsp;&nbsp;&nbsp;&nbsp;&nbsp;\u2014  Descargar<\/a><\/td>\n<\/tr>\n<\/tbody>\n<\/table>\n<!-- #tablepress-10 from cache --><\/div>\n&nbsp;<br \/>\n<span class=\"collapseomatic \" id=\"id69f42ae26a7c6\"  tabindex=\"0\" title=\"Laboratorio de M\u00e1quinas El\u00e9ctricas II\"    >Laboratorio de M\u00e1quinas El\u00e9ctricas II<\/span><div id=\"target-id69f42ae26a7c6\" class=\"collapseomatic_content \">\n<table id=\"tablepress-11\" class=\"tablepress tablepress-id-11\">\n<tbody class=\"row-hover\">\n<tr class=\"row-1 odd\">\n\t<td class=\"column-1\"><a href=\"https:\/\/www.fie.umich.mx\/lab-electrica\/wp-content\/uploads\/sites\/8\/2025\/10\/Practicas-Lab-de-Maquinas-ElectricaIIA.pdf\" target=\"_blank\" rel=\"noopener\">&nbsp;&nbsp;&nbsp;&nbsp;&nbsp;&nbsp;&nbsp;&nbsp;&nbsp;&nbsp;&nbsp;\u2014  Manual de pr\u00e1cticas - L. de M\u00e1quinas El\u00e9ctricas II.pdf<\/a><\/td><td class=\"column-2\"><a href=\"https:\/\/www.fie.umich.mx\/lab-electrica\/wp-content\/uploads\/sites\/8\/2025\/10\/Practicas-Lab-de-Maquinas-ElectricaIIA.pdf\" download=\"LMEII\">&nbsp;&nbsp;&nbsp;&nbsp;&nbsp;&nbsp;&nbsp;&nbsp;&nbsp;&nbsp;&nbsp;\u2014  Descargar<\/a><\/td>\n<\/tr>\n<\/tbody>\n<\/table>\n<!-- #tablepress-11 from cache --><\/div>\n&nbsp;<br \/>\n<span class=\"collapseomatic \" id=\"id69f42ae26ae90\"  tabindex=\"0\" title=\"Laboratorio de M\u00e1quinas El\u00e9ctricas III\"    >Laboratorio de M\u00e1quinas El\u00e9ctricas III<\/span><div id=\"target-id69f42ae26ae90\" class=\"collapseomatic_content \">\n<table id=\"tablepress-12\" class=\"tablepress tablepress-id-12\">\n<tbody class=\"row-hover\">\n<tr class=\"row-1 odd\">\n\t<td class=\"column-1\"><a href=\"https:\/\/www.fie.umich.mx\/lab-electrica\/wp-content\/uploads\/sites\/8\/2025\/10\/Practicas-Lab-de-Maquinas-ElectricaIIILIE.pdf\" target=\"_blank\" rel=\"noopener\">&nbsp;&nbsp;&nbsp;&nbsp;&nbsp;&nbsp;&nbsp;&nbsp;&nbsp;&nbsp;&nbsp;\u2014  Manual de pr\u00e1cticas - L. de M\u00e1quinas El\u00e9ctricas III.pdf<\/a><\/td><td class=\"column-2\"><a href=\"https:\/\/www.fie.umich.mx\/lab-electrica\/wp-content\/uploads\/sites\/8\/2025\/10\/Practicas-Lab-de-Maquinas-ElectricaIIILIE.pdf\" download=\"LMEIII\">&nbsp;&nbsp;&nbsp;&nbsp;&nbsp;&nbsp;&nbsp;&nbsp;&nbsp;&nbsp;&nbsp;\u2014  Descargar<\/a><\/td>\n<\/tr>\n<\/tbody>\n<\/table>\n<!-- #tablepress-12 from cache --><\/div>\n&nbsp;<br \/>\n<span class=\"collapseomatic \" id=\"id69f42ae26b47c\"  tabindex=\"0\" title=\"Laboratorio de Control de M\u00e1quinas El\u00e9ctricas\"    >Laboratorio de Control de M\u00e1quinas El\u00e9ctricas<\/span><div id=\"target-id69f42ae26b47c\" class=\"collapseomatic_content \">\n<table id=\"tablepress-13\" class=\"tablepress tablepress-id-13\">\n<tbody class=\"row-hover\">\n<tr class=\"row-1 odd\">\n\t<td class=\"column-1\"><a href=\"https:\/\/www.fie.umich.mx\/lab-electrica\/wp-content\/uploads\/sites\/8\/2025\/10\/manual_control_de_maquinas_1.pdf\" target=\"_blank\" rel=\"noopener\">&nbsp;&nbsp;&nbsp;&nbsp;&nbsp;&nbsp;&nbsp;&nbsp;&nbsp;&nbsp;&nbsp;\u2014  Manual de pr\u00e1cticas - L. de Control de M\u00e1quinas El\u00e9ctricas.pdf<\/a><\/td><td class=\"column-2\"><a href=\"https:\/\/www.fie.umich.mx\/lab-electrica\/wp-content\/uploads\/sites\/8\/2025\/10\/manual_control_de_maquinas_1.pdf\" download=\"LCME\">&nbsp;&nbsp;&nbsp;&nbsp;&nbsp;&nbsp;&nbsp;&nbsp;&nbsp;&nbsp;&nbsp;\u2014  Descargar<\/a><\/td>\n<\/tr>\n<\/tbody>\n<\/table>\n<!-- #tablepress-13 from cache --><\/div>\n&nbsp;<\/p>\n","protected":false},"excerpt":{"rendered":"<p>&nbsp; &nbsp; &nbsp; &nbsp; &nbsp; &nbsp; &nbsp; &nbsp; &nbsp;<a class=\"more-link\" href=\"https:\/\/www.fie.umich.mx\/lab-electrica\/manuales\/\">Leer m\u00e1s \u2192<\/a><\/p>\n","protected":false},"author":2,"featured_media":0,"parent":0,"menu_order":0,"comment_status":"closed","ping_status":"closed","template":"","meta":{"wpupg_custom_link":[],"wpupg_custom_link_behaviour":["default"],"wpupg_custom_image":[],"wpupg_custom_image_id":[],"ngg_post_thumbnail":0,"cybocfi_hide_featured_image":""},"_links":{"self":[{"href":"https:\/\/www.fie.umich.mx\/lab-electrica\/wp-json\/wp\/v2\/pages\/432"}],"collection":[{"href":"https:\/\/www.fie.umich.mx\/lab-electrica\/wp-json\/wp\/v2\/pages"}],"about":[{"href":"https:\/\/www.fie.umich.mx\/lab-electrica\/wp-json\/wp\/v2\/types\/page"}],"author":[{"embeddable":true,"href":"https:\/\/www.fie.umich.mx\/lab-electrica\/wp-json\/wp\/v2\/users\/2"}],"replies":[{"embeddable":true,"href":"https:\/\/www.fie.umich.mx\/lab-electrica\/wp-json\/wp\/v2\/comments?post=432"}],"version-history":[{"count":14,"href":"https:\/\/www.fie.umich.mx\/lab-electrica\/wp-json\/wp\/v2\/pages\/432\/revisions"}],"predecessor-version":[{"id":589,"href":"https:\/\/www.fie.umich.mx\/lab-electrica\/wp-json\/wp\/v2\/pages\/432\/revisions\/589"}],"wp:attachment":[{"href":"https:\/\/www.fie.umich.mx\/lab-electrica\/wp-json\/wp\/v2\/media?parent=432"}],"curies":[{"name":"wp","href":"https:\/\/api.w.org\/{rel}","templated":true}]}}