{"id":435,"date":"2021-10-07T16:20:27","date_gmt":"2021-10-07T16:20:27","guid":{"rendered":"https:\/\/www.fie.umich.mx\/lab-electronica-industrial\/?page_id=435"},"modified":"2021-10-20T22:50:57","modified_gmt":"2021-10-20T22:50:57","slug":"reglamento","status":"publish","type":"page","link":"https:\/\/www.fie.umich.mx\/lab-electronica-industrial\/reglamento\/","title":{"rendered":"Reglamento"},"content":{"rendered":"<h5 style=\"text-align: center;\"><strong>POLITICAS PARA EL USO DEL LABORATORIO <\/strong><strong>DE ELECTR\u00d3NICA INDUSTRIAL<\/strong><\/h5>\n<p>Las presentes pol\u00edticas aplican a todos los integrantes de la comunidad acad\u00e9mica, estudiantil y a las personas externas que hagan uso de las instalaciones y equipo del Laboratorio de Electr\u00f3nica Industrial de la Facultad de Ingenier\u00eda El\u00e9ctrica.<\/p>\n<h6><strong>1. De la seguridad e Higiene<\/strong><\/h6>\n<ol>\n<li style=\"list-style-type: none;\">\n<ol>\n<li style=\"list-style-type: none;\">\n<ol>\n<li style=\"text-align: justify;\">Queda prohibido comer, beber y fumar dentro del \u00e1rea de pr\u00e1cticas de laboratorio.<\/li>\n<li style=\"text-align: justify;\">No se permite introducir mascotas, juguetes u otros objetos ajenos a las pr\u00e1cticas o al trabajo de laboratorio.<\/li>\n<li style=\"text-align: justify;\">Queda prohibido jugar, correr, hacer bromas o cualquier otra actividad que ponga en riesgo la integridad de los usuarios o la del equipo.<\/li>\n<li style=\"text-align: justify;\">Los accesos y\/o salidas de emergencia no deber\u00e1n ser obstruidos.<\/li>\n<li style=\"text-align: justify;\">El personal del laboratorio deber\u00e1 procurar que los usuarios del mismo conozcan donde se encuentra el extintor, botiqu\u00edn e interruptores el\u00e9ctricos.<\/li>\n<\/ol>\n<\/li>\n<\/ol>\n<\/li>\n<\/ol>\n<h6><strong>2. De los usuarios del laboratorio<\/strong><\/h6>\n<ol>\n<li style=\"list-style-type: none;\">\n<ol>\n<li style=\"list-style-type: none;\">\n<ol>\n<li style=\"text-align: justify;\">Mantener apagados o en silencio sus celulares durante la pr\u00e1ctica.<\/li>\n<li style=\"text-align: justify;\">Atender puntualmente las indicaciones del Profesor de la materia y\/o del personal del laboratorio.<\/li>\n<li style=\"text-align: justify;\">Mantener el orden y disciplina dentro de las instalaciones del laboratorio.<\/li>\n<li style=\"text-align: justify;\">Informar inmediatamente al profesor o personal del laboratorio si ocurre un accidente.<\/li>\n<li style=\"text-align: justify;\">Acatar las disposiciones de seguridad y preservar la higiene del laboratorio.<\/li>\n<li style=\"text-align: justify;\">En caso de encontrar alg\u00fan desperfecto en el equipo, el alumno avisar\u00e1 a su profesor, as\u00ed mismo el profesor reportar\u00e1 dicho equipo con el personal del laboratorio.<\/li>\n<li style=\"text-align: justify;\">Antes de abandonar el laboratorio, el usuario deber\u00e1 dejar su lugar ordenado y limpio.<\/li>\n<li style=\"text-align: justify;\">Respetar el horario de inicio y t\u00e9rmino de las actividades programadas en el laboratorio.<\/li>\n<li style=\"text-align: justify;\">El usuario es responsable de ver por su seguridad y la del equipo que se le asign\u00f3.<\/li>\n<li style=\"text-align: justify;\">Los usuarios har\u00e1n uso correcto de los equipos, los materiales y herramientas, y en todo momento seguir\u00e1n las indicaciones del profesor.<\/li>\n<li style=\"text-align: justify;\">A la persona que se le sorprenda mutilando o haciendo mal uso del equipo o de las instalaciones, se le reportar\u00e1 a las instancias correspondientes quienes determinar\u00e1n la sanci\u00f3n.<\/li>\n<li style=\"text-align: justify;\">En caso de da\u00f1ar el material, equipo o herramienta por negligencia y\/o mal uso de la misma, el usuario de la misma ser\u00e1 responsable de su reposici\u00f3n o reparaci\u00f3n.<\/li>\n<li style=\"text-align: justify;\">Durante el desarrollo de cualquier actividad dentro de las \u00e1reas de trabajo los alumnos deber\u00e1n de ser supervisados por un acad\u00e9mico de la Facultad de Ingenier\u00eda El\u00e9ctrica. Por ning\u00fan motivo se permitir\u00e1 a los alumnos trabajar sin un responsable.<\/li>\n<li style=\"text-align: justify;\">En caso de que el alumno quiera practicar fuera de su horario de clase, deber\u00e1 de solicitar espacio con el personal de laboratorio, de haber disponibilidad de espacio y tiempo en el \u00e1rea de trabajo, el alumno deber\u00e1 de registrarse en una bit\u00e1cora donde se\u00f1alara la actividad a realizar, materia y profesor o personal del laboratorio que estar\u00e1 responsable de dicha actividad, de lo contrario no podr\u00e1 asign\u00e1rsele el espacio para practicar.<\/li>\n<\/ol>\n<\/li>\n<\/ol>\n<\/li>\n<\/ol>\n<h6><strong>\u00a0<\/strong><strong>3. Del Profesor<\/strong><\/h6>\n<ol>\n<li style=\"list-style-type: none;\">\n<ol>\n<li style=\"list-style-type: none;\">\n<ol>\n<li style=\"text-align: justify;\">Estar presente durante todo el desarrollo de la pr\u00e1ctica.<\/li>\n<li style=\"text-align: justify;\">En caso de requerir equipo adicional para la realizaci\u00f3n de alguna pr\u00e1ctica, y que no est\u00e9 en los gabinetes del \u00e1rea, se podr\u00e1 solicitar la misma al personal del laboratorio.<\/li>\n<li style=\"text-align: justify;\">Procurar el orden y el buen comportamiento de los alumnos durante la permanencia de los mismos en las instalaciones del laboratorio.<\/li>\n<li style=\"text-align: justify;\">Al t\u00e9rmino del tiempo establecido para la pr\u00e1ctica el profesor deber\u00e1 verificar que todo el equipo se encuentre completo y en su lugar, retirar a sus alumnos y borrar el pizarr\u00f3n.<\/li>\n<li style=\"text-align: justify;\">Respetar el horario de inicio y t\u00e9rmino de las actividades programadas en el laboratorio.<\/li>\n<li style=\"text-align: justify;\">Se recomienda informar a los alumnos, con una sesi\u00f3n de antelaci\u00f3n del material requerido para el desarrollo de su pr\u00f3xima pr\u00e1ctica, as\u00ed como proporcionar las recomendaciones de seguridad correspondiente a la pr\u00e1ctica programada.<\/li>\n<\/ol>\n<\/li>\n<\/ol>\n<\/li>\n<\/ol>\n<h6 style=\"text-align: left;\"><strong>4. Del equipo y material<\/strong><\/h6>\n<ol>\n<li style=\"list-style-type: none;\">\n<ol>\n<li style=\"list-style-type: none;\">\n<ol>\n<li style=\"text-align: justify;\"><strong>\u00a0<\/strong>El laboratorio posee material y equipo para la realizaci\u00f3n de pr\u00e1cticas, el cual est\u00e1 disponible en los gabinetes del \u00e1rea de trabajo.<\/li>\n<li style=\"text-align: justify;\">El pr\u00e9stamo de material y equipo es para uso interno del laboratorio, aunque puede ser prestado al exterior bajo ciertos criterios.<\/li>\n<li style=\"text-align: justify;\">El equipo no debe extraerse del laboratorio sin autorizaci\u00f3n del jefe de laboratorio.<\/li>\n<li style=\"text-align: justify;\">Los alumnos deber\u00e1n traer su material consumible y componentes necesarios para el desarrollo de sus actividades acad\u00e9micas, tales como: resistencias, capacitores, protoboard, caimanes, alambre, diodos y transistores. En caso de que el laboratorio cuente con alg\u00fan material especial, este podr\u00e1 ser prestado a los alumnos por el profesor.<\/li>\n<li style=\"text-align: justify;\">La reposici\u00f3n de equipo y material da\u00f1ado durante la realizaci\u00f3n de pr\u00e1cticas, estar\u00e1 supeditada a la existencia de \u00e9ste en el laboratorio.<\/li>\n<\/ol>\n<\/li>\n<\/ol>\n<\/li>\n<\/ol>\n<h6><strong>\u00a0<\/strong><strong>5. Del Horario<\/strong><\/h6>\n<ol>\n<li style=\"list-style-type: none;\">\n<ol>\n<li style=\"list-style-type: none;\">\n<ol>\n<li style=\"text-align: justify;\"><strong>\u00a0<\/strong>El horario del laboratorio para pr\u00e1cticas est\u00e1 supeditado al personal asignado al laboratorio y a su carga acad\u00e9mica autorizada por el consejo t\u00e9cnico. Dicho horario se actualizar\u00e1 en cada ciclo escolar vigente.<\/li>\n<li style=\"text-align: justify;\">Las pr\u00e1cticas del laboratorio iniciar\u00e1n en horario puntual y deber\u00e1n de terminar a m\u00e1s tardar diez minutos antes de la hora marcada.<\/li>\n<li style=\"text-align: justify;\">Los profesores podr\u00e1n recuperar clase y\/o dar asesor\u00edas \u00fanicamente en horarios disponibles en el laboratorio, previo aviso y registro con el personal del mismo.<\/li>\n<\/ol>\n<\/li>\n<\/ol>\n<\/li>\n<\/ol>\n<p>Cualquier caso que no est\u00e9 contemplado en estas pol\u00edticas, se turnar\u00e1 al Jefe del Laboratorio para su resoluci\u00f3n.<\/p>\n<h5 style=\"text-align: center;\"><strong>Jefatura del Laboratorio de Electr\u00f3nica Industrial<\/strong><\/h5>\n","protected":false},"excerpt":{"rendered":"<p>POLITICAS PARA EL USO DEL LABORATORIO DE ELECTR\u00d3NICA INDUSTRIAL Las<a class=\"more-link\" href=\"https:\/\/www.fie.umich.mx\/lab-electronica-industrial\/reglamento\/\">Leer m\u00e1s \u2192<\/a><\/p>\n","protected":false},"author":2,"featured_media":0,"parent":0,"menu_order":0,"comment_status":"closed","ping_status":"closed","template":"","meta":{"wpupg_custom_link":[],"wpupg_custom_link_behaviour":["default"],"wpupg_custom_image":[],"wpupg_custom_image_id":[],"ngg_post_thumbnail":0,"cybocfi_hide_featured_image":""},"_links":{"self":[{"href":"https:\/\/www.fie.umich.mx\/lab-electronica-industrial\/wp-json\/wp\/v2\/pages\/435"}],"collection":[{"href":"https:\/\/www.fie.umich.mx\/lab-electronica-industrial\/wp-json\/wp\/v2\/pages"}],"about":[{"href":"https:\/\/www.fie.umich.mx\/lab-electronica-industrial\/wp-json\/wp\/v2\/types\/page"}],"author":[{"embeddable":true,"href":"https:\/\/www.fie.umich.mx\/lab-electronica-industrial\/wp-json\/wp\/v2\/users\/2"}],"replies":[{"embeddable":true,"href":"https:\/\/www.fie.umich.mx\/lab-electronica-industrial\/wp-json\/wp\/v2\/comments?post=435"}],"version-history":[{"count":13,"href":"https:\/\/www.fie.umich.mx\/lab-electronica-industrial\/wp-json\/wp\/v2\/pages\/435\/revisions"}],"predecessor-version":[{"id":488,"href":"https:\/\/www.fie.umich.mx\/lab-electronica-industrial\/wp-json\/wp\/v2\/pages\/435\/revisions\/488"}],"wp:attachment":[{"href":"https:\/\/www.fie.umich.mx\/lab-electronica-industrial\/wp-json\/wp\/v2\/media?parent=435"}],"curies":[{"name":"wp","href":"https:\/\/api.w.org\/{rel}","templated":true}]}}