{"id":451,"date":"2021-09-29T21:43:01","date_gmt":"2021-09-29T21:43:01","guid":{"rendered":"https:\/\/www.fie.umich.mx\/labfisica\/?page_id=451"},"modified":"2021-10-20T01:53:06","modified_gmt":"2021-10-20T01:53:06","slug":"reglamento","status":"publish","type":"page","link":"https:\/\/www.fie.umich.mx\/lab-fisica\/reglamento\/","title":{"rendered":"Reglamento"},"content":{"rendered":"<h3 style=\"text-align: center;\">REGLAMENTO\u00a0 DEL\u00a0 LABORATORIO DE F\u00cdSICA<\/h3>\n<p style=\"text-align: justify;\">Este reglamento contiene los lineamientos a seguir para el funcionamiento y buen uso del Laboratorio de F\u00edsica de la Facultad de Ingenier\u00eda El\u00e9ctrica (FIE) de la Universidad Michoacana de San Nicol\u00e1s de Hidalgo. El reglamento contiene \u00a0las normas de seguridad que deben seguir los usuarios (profesores y alumnos) y personal del laboratorio, as\u00ed como\u00a0 las normas para el pr\u00e9stamo y uso de equipo y material de laboratorio. Este reglamento contempla\u00a0 situaciones de mal uso del equipo de laboratorio y las acciones que se deber\u00e1n tomar. Para tal prop\u00f3sito este reglamento se divide en los siguientes cap\u00edtulos.<\/p>\n<h6 style=\"text-align: center;\"><strong>Cap\u00edtulo I. DISPOSICIONES GENERALES<\/strong><\/h6>\n<p style=\"text-align: left;\"><strong>1.1 Disposiciones generales de acceso y uso del laboratorio<\/strong><\/p>\n<p>Tendr\u00e1 acceso al laboratorio de pr\u00e1cticas:<\/p>\n<p style=\"padding-left: 40px; text-align: justify;\">i. Docentes y alumnos y debidamente acreditados por la FIE.<\/p>\n<p style=\"padding-left: 40px; text-align: justify;\">ii. Los alumnos egresados de la FIE con previa solicitud oficial para el uso del laboratorio.<\/p>\n<p style=\"padding-left: 40px; text-align: justify;\">iii. Usuarios de otras instituciones de educaci\u00f3n media superior, superior y otros organismos p\u00fablicos o privados, con previa solicitud oficial de la dependencia de origen con atenci\u00f3n al jefe del Laboratorio de F\u00edsica y autorizada por la Direcci\u00f3n de la FIE.<\/p>\n<p style=\"padding-left: 40px; text-align: justify;\">iv. En caso de extrav\u00edo de material o equipo del laboratorio, se someter\u00e1 a revisi\u00f3n a todo usuario presente.<\/p>\n<h6 style=\"text-align: center;\"><strong>Cap\u00edtulo II. LINEAMIENTOS A SEGUIR PARA ENCARGADOS DE LABORATORIO, DOCENTES Y ALUMNOS. <\/strong><\/h6>\n<p style=\"text-align: justify;\">Las pr\u00e1cticas que se imparten en el Laboratorio de F\u00edsica est\u00e1n dise\u00f1adas para apoyar y complementar el aprendizaje de las asignaturas te\u00f3ricas de f\u00edsica que se imparten en la FIE.<\/p>\n<p><strong>2.1\u00a0 Lineamientos para el personal del laboratorio<\/strong><\/p>\n<p style=\"text-align: justify; padding-left: 40px;\">i. Deber\u00e1 informar al jefe de laboratorio sobre cualquier anomal\u00eda que presente el equipo o material resguardado, as\u00ed como de la infraestructura.<\/p>\n<p style=\"text-align: justify; padding-left: 40px;\">ii. Deber\u00e1 conocer el horario designado para realizar las pr\u00e1cticas.<\/p>\n<p style=\"text-align: justify; padding-left: 40px;\">iii. Deber\u00e1 estar en el laboratorio puntual para la pr\u00e1ctica, se recomienda que se encuentre en el laboratorio con 20 minutos de anticipaci\u00f3n, con la finalidad de preparar el material que se requiera para la pr\u00e1ctica respectiva.<\/p>\n<p style=\"text-align: justify; padding-left: 40px;\">iv. Deber\u00e1 auxiliar y explicar el funcionamiento y uso adecuado de cualquier equipo y material cuando le sea solicitado.<\/p>\n<p style=\"text-align: justify; padding-left: 40px;\">v. Realizar\u00e1 el pr\u00e9stamo del material y equipo bajo resguardo, siguiendo las normas que establece este reglamento.<\/p>\n<p style=\"text-align: justify; padding-left: 40px;\">vi. Verificar el estado del material y equipo antes de realizar el pr\u00e9stamo del mismo.<\/p>\n<p style=\"text-align: justify; padding-left: 40px;\">vii. Al final de la pr\u00e1ctica recibir\u00e1 el material que se prest\u00f3, asegur\u00e1ndose que se devuelva en las mismas condiciones que ten\u00eda antes del pr\u00e9stamo.<\/p>\n<p style=\"text-align: justify; padding-left: 40px;\">viii. Asistir al laboratorio en el horario asignado para el caso de proyectos especiales, tales como proyectos finales de las asignaturas o visitas de grupos externos a la Facultad, siempre y cuando \u00e9stos sean debidamente solicitados.<\/p>\n<p style=\"text-align: justify;\"><strong>2.2. Lineamientos para el personal docente<\/strong><\/p>\n<p style=\"padding-left: 40px; text-align: justify;\">i. Los docentes deber\u00e1n, en la medida de lo posible, apegarse al manual de pr\u00e1cticas respectivo.<\/p>\n<p style=\"padding-left: 40px; text-align: justify;\">ii. Los docentes deber\u00e1n avisar al encargado del laboratorio en caso de cambio de horario para la pr\u00e1ctica as\u00ed como en caso de cancelaci\u00f3n de la misma.<\/p>\n<p style=\"padding-left: 40px; text-align: justify;\">iii. Para realizar en tiempo y forma la pr\u00e1ctica, deber\u00e1 conocer el manejo de los instrumentos de laboratorio que involucra la pr\u00e1ctica.<\/p>\n<p style=\"padding-left: 40px; text-align: justify;\">iv. Preguntar al personal del laboratorio en caso de alguna duda sobre el manejo del material de laboratorio.<\/p>\n<p style=\"padding-left: 40px; text-align: justify;\">v. Supervisar en todo momento el trabajo de los alumnos.<\/p>\n<p style=\"padding-left: 40px; text-align: justify;\">vi. El docente deber\u00e1 informar sobre cualquier anomal\u00eda que presente el material, equipo o instalaciones.<\/p>\n<p><strong>2.3 Lineamientos para los alumnos<\/strong><\/p>\n<p style=\"padding-left: 40px; text-align: justify;\">i. Deber\u00e1 traer consigo el manual de pr\u00e1cticas, no se aceptar\u00e1n fotocopias sueltas.<\/p>\n<p style=\"padding-left: 40px; text-align: justify;\">ii. Tendr\u00e1 una tolerancia de 5 minutos despu\u00e9s de la hora de entrada al laboratorio, de lo contrario se le negar\u00e1 el acceso.<\/p>\n<p style=\"padding-left: 40px; text-align: justify;\">iii. No contar\u00e1 con la evaluaci\u00f3n respectiva si la pr\u00e1ctica no fue realizada.<\/p>\n<p style=\"padding-left: 40px; text-align: justify;\">iv. En todo momento el alumno deber\u00e1 de hacer el uso correcto de las instalaciones, equipo y material del laboratorio.<\/p>\n<p style=\"padding-left: 40px; text-align: justify;\">v. Para la realizaci\u00f3n de cualquier pr\u00e1ctica que implique el uso de equipo y material; este se le prestar\u00e1, para lo cual ser\u00e1 necesario solicitar y llenar un vale que ser\u00e1 proporcionado por el encargado del laboratorio.<\/p>\n<p style=\"padding-left: 40px; text-align: justify;\">vi. Para realizar en tiempo y forma la pr\u00e1ctica se recomienda leer la pr\u00e1ctica con antelaci\u00f3n<\/p>\n<p style=\"padding-left: 40px; text-align: justify;\">vii. Antes de realizar su pr\u00e1ctica se recomienda que realice una inspecci\u00f3n de las condiciones actuales en la que se encuentra el equipo, cualquier anomal\u00eda deber\u00e1 reportarla inmediatamente al encargado.<\/p>\n<p style=\"padding-left: 40px; text-align: justify;\">viii. Al final de cada pr\u00e1ctica se deber\u00e1 entregar al encargado de laboratorio el equipo y material solicitado en las condiciones que inicialmente ten\u00eda cuando se le entreg\u00f3, procediendo en ese momento a cancelar el vale previamente entregado, pasando \u00e9ste a ser parte del archivo del laboratorio.<\/p>\n<p style=\"padding-left: 40px; text-align: justify;\">ix. En caso de que el material presente una anomal\u00eda o est\u00e9 en malas condiciones se tomar\u00e1 la acci\u00f3n que corresponda de acuerdo con el cap\u00edtulo III.<\/p>\n<p style=\"padding-left: 40px; text-align: justify;\">x. Para proyectos especiales que requieran el uso del laboratorio deber\u00e1 hacerse la solicitud dirigida al jefe del laboratorio para, en caso de proceder tal solicitud otorgar un horario para dicha actividad.<\/p>\n<h6 style=\"text-align: center;\"><strong>Cap\u00edtulo III. NORMAS PARA EL PR\u00c9STAMO DE EQUIPO Y MATERIAL DE LABORATORIO<\/strong><\/h6>\n<p style=\"padding-left: 40px;\"><strong>\u00a03.1 <\/strong><strong>Normas para el pr\u00e9stamo<\/strong><\/p>\n<p style=\"padding-left: 40px; text-align: justify;\">i. El material y equipo necesario para la pr\u00e1ctica estar\u00e1 de manera clara y precisa en los manuales de pr\u00e1cticas del Laboratorio de F\u00edsica.<\/p>\n<p style=\"padding-left: 40px; text-align: justify;\">ii. Se deber\u00e1 llenar un vale con el equipo y material se\u00f1alado en la pr\u00e1ctica correspondiente.<\/p>\n<p style=\"padding-left: 40px; text-align: justify;\">iii. El material s\u00f3lo se prestar\u00e1 al presentar el vale debidamente llenado y presentando una identificaci\u00f3n oficial.<\/p>\n<p style=\"padding-left: 40px; text-align: justify;\">iv. El vale y la identificaci\u00f3n se regresar\u00e1 al entregar todo el material indicado en el vale de pr\u00e9stamo.<\/p>\n<p style=\"padding-left: 40px;\"><strong>3.2 Normas para el uso de equipo y material del laboratorio<\/strong><\/p>\n<p style=\"padding-left: 40px; text-align: justify;\">i. El docente a cargo del grupo mostrar\u00e1 la manera correcta para hacer uso del equipo.<\/p>\n<p style=\"padding-left: 40px; text-align: justify;\">ii. El alumno deber\u00e1 manejar el equipo y material del laboratorio en la manera indicada por el profesor y\/o el encargado del laboratorio.<\/p>\n<p style=\"padding-left: 40px; text-align: justify;\">iii. Se proh\u00edbe ejecutar acciones de operaci\u00f3n que puedan da\u00f1ar al equipo.<\/p>\n<p style=\"padding-left: 40px; text-align: justify;\">iv. Se proh\u00edbe rayar, pintar o hacer mal uso del material suministrado para la elaboraci\u00f3n de su pr\u00e1ctica.<\/p>\n<p style=\"padding-left: 40px; text-align: justify;\">v. Se proh\u00edbe rayar, pintar o ensuciar de manera intencional las paredes, cristales, muebles de trabajo y estructura general del laboratorio.<\/p>\n<h6 style=\"text-align: center;\"><strong>Cap\u00edtulo IV. NORMAS DE SEGURIDAD DEL LABORATORIO <\/strong><\/h6>\n<p style=\"padding-left: 40px; text-align: justify;\">i. Se proh\u00edbe el acceso al laboratorio bajo el influjo de bebidas embriagantes o enervantes.<\/p>\n<p style=\"padding-left: 40px; text-align: justify;\">ii. Se proh\u00edbe entrar con alimentos y bebidas.<\/p>\n<p style=\"padding-left: 40px; text-align: justify;\">iii. Deber\u00e1 operarse de manera correcta el equipo del laboratorio para evitar poner en riesgo la seguridad propia o la de terceros.<\/p>\n<p style=\"padding-left: 40px; text-align: justify;\">iv. No correr, jugar o lanzar objetos dentro del laboratorio.<\/p>\n<p style=\"padding-left: 40px; text-align: justify;\">v. Mantener los bancos y objetos personales fuera de los pasillos y \u00e1reas de trabajo comunes.<\/p>\n<h6 style=\"text-align: center;\"><strong>Cap\u00edtulo V.\u00a0 REPOSICION DE MATERIAL Y EQUIPO DA\u00d1ADO.<\/strong><\/h6>\n<p>En caso de da\u00f1os parciales o totales al equipo y material del Laboratorio de F\u00edsica de la FIE, se seguir\u00e1n los lineamientos listados a continuaci\u00f3n:<\/p>\n<p style=\"padding-left: 40px; text-align: justify;\">i. Todo da\u00f1o ya sea parcial o total de equipo y material del laboratorio se someter\u00e1 a revisi\u00f3n para determinar si fue por causas inherentes a la operaci\u00f3n o por causas intencionales, de mal uso o de descuido.<\/p>\n<p style=\"padding-left: 40px; text-align: justify;\">ii. En caso de que el da\u00f1o fuese por causas de operaci\u00f3n inherentes al equipo y material, el alumno o docente ser\u00e1 deslindado de tal hecho.<\/p>\n<p style=\"padding-left: 40px; text-align: justify;\">iii. En caso de que se determinen causas intencionales, por descuido o negligencia, quien o quienes hayan firmado el vale por el material y equipo deber\u00e1n reparar o reponer en su totalidad el elemento de laboratorio da\u00f1ado, en un plazo no mayor a una semana a partir de la fecha del evento.<\/p>\n<p style=\"padding-left: 40px; text-align: justify;\">iv. Si el involucrado o los involucrados no cumplieran con la norma <em>iii <\/em>se\u00f1alada anteriormente, se turnar\u00e1 el asunto al jefe del laboratorio qui\u00e9n determinar\u00e1 las acciones a tomar.<\/p>\n<h6 style=\"text-align: center;\"><strong>TRANSITORIOS.<\/strong><\/h6>\n<p style=\"text-align: justify;\">Cualquier caso no contemplado dentro del presente reglamento ser\u00e1 resuelto por el jefe del laboratorio y los encargados del mismo, dentro del \u00e1mbito de sus competencias, en caso de ser necesario, el caso ser\u00e1 turnado al H. Consejo T\u00e9cnico de la Facultad, el que tomar\u00e1 la determinaci\u00f3n final.<\/p>\n<p>&nbsp;<\/p>\n<h6 style=\"text-align: center;\"><span style=\"color: #000080;\"><a style=\"color: #000080;\" href=\"https:\/\/www.fie.umich.mx\/lab-fisica\/wp-content\/uploads\/sites\/6\/2021\/10\/reglamento.pdf\" target=\"_blank\" rel=\"noopener\">Descargar reglamento<\/a><\/span><\/h6>\n<p>&nbsp;<\/p>\n","protected":false},"excerpt":{"rendered":"<p>REGLAMENTO\u00a0 DEL\u00a0 LABORATORIO DE F\u00cdSICA Este reglamento contiene los lineamientos<a class=\"more-link\" href=\"https:\/\/www.fie.umich.mx\/lab-fisica\/reglamento\/\">Leer m\u00e1s \u2192<\/a><\/p>\n","protected":false},"author":2,"featured_media":0,"parent":0,"menu_order":0,"comment_status":"closed","ping_status":"closed","template":"","meta":{"wpupg_custom_link":[],"wpupg_custom_link_behaviour":["default"],"wpupg_custom_image":[],"wpupg_custom_image_id":[],"ngg_post_thumbnail":0,"cybocfi_hide_featured_image":""},"_links":{"self":[{"href":"https:\/\/www.fie.umich.mx\/lab-fisica\/wp-json\/wp\/v2\/pages\/451"}],"collection":[{"href":"https:\/\/www.fie.umich.mx\/lab-fisica\/wp-json\/wp\/v2\/pages"}],"about":[{"href":"https:\/\/www.fie.umich.mx\/lab-fisica\/wp-json\/wp\/v2\/types\/page"}],"author":[{"embeddable":true,"href":"https:\/\/www.fie.umich.mx\/lab-fisica\/wp-json\/wp\/v2\/users\/2"}],"replies":[{"embeddable":true,"href":"https:\/\/www.fie.umich.mx\/lab-fisica\/wp-json\/wp\/v2\/comments?post=451"}],"version-history":[{"count":11,"href":"https:\/\/www.fie.umich.mx\/lab-fisica\/wp-json\/wp\/v2\/pages\/451\/revisions"}],"predecessor-version":[{"id":536,"href":"https:\/\/www.fie.umich.mx\/lab-fisica\/wp-json\/wp\/v2\/pages\/451\/revisions\/536"}],"wp:attachment":[{"href":"https:\/\/www.fie.umich.mx\/lab-fisica\/wp-json\/wp\/v2\/media?parent=451"}],"curies":[{"name":"wp","href":"https:\/\/api.w.org\/{rel}","templated":true}]}}