{"id":436,"date":"2021-10-07T16:20:30","date_gmt":"2021-10-07T16:20:30","guid":{"rendered":"https:\/\/www.fie.umich.mx\/lab-simulacion\/?page_id=436"},"modified":"2021-10-20T22:04:24","modified_gmt":"2021-10-20T22:04:24","slug":"reglamento","status":"publish","type":"page","link":"https:\/\/www.fie.umich.mx\/lab-simulacion\/reglamento\/","title":{"rendered":"Reglamento"},"content":{"rendered":"<h6><strong>Son obligaciones de los usuarios del LabSyCa, las siguientes:<\/strong><\/h6>\n<p style=\"padding-left: 40px;\">1. El conocimiento y cumplimiento del presente reglamento.<\/p>\n<p style=\"padding-left: 40px;\">2. Tratar con cortes\u00eda y respeto al personal responsable del LabSyCa y dem\u00e1s usuarios del mismo.<\/p>\n<p style=\"padding-left: 40px;\">3. Mantener un buen comportamiento dentro del LabSyCa, evitando las conductas inapropiadas, lenguaje vulgar y otras indicadas por los responsables del laboratorio. Los profesores estar\u00e1n obligados a hacer del conocimiento de sus alumnos esta obligaci\u00f3n y coadyuvar con la vigilancia respectiva.<\/p>\n<p style=\"padding-left: 40px;\">4. Respetar las disposiciones de uso de los equipos y espacios del mismo.<\/p>\n<p style=\"padding-left: 40px;\">5. Revisar la integridad de sus dispositivos de almacenamiento externo, as\u00ed como tambi\u00e9n del equipo a utilizar. En caso de encontrar que el equipo est\u00e1 infectado por virus, deber\u00e1 de reportarlo de inmediato con los encargados del Laboratorio.<\/p>\n<p style=\"padding-left: 40px;\">6. Dar un uso adecuado al equipo y mobiliario del LabSyCa.<\/p>\n<p style=\"padding-left: 40px;\">7. Reponer el equipo, mobiliario o cualquier otro dispositivo en caso de deterioro, p\u00e9rdida total o parcial y que sean ocasionadas por el usuario, el cual deber\u00e1 sustituirlos por otros con las mismas caracter\u00edsticas y marca.<\/p>\n<p style=\"padding-left: 40px;\">8. Presentar en caso de que se requiera, credencial vigente de la FIE para ingresar a las instalaciones del LabSyCa.<\/p>\n<p style=\"padding-left: 40px;\">9. Respaldar su informaci\u00f3n para prevenir p\u00e9rdidas de la misma. Todo trabajo residente en el espacio de disco duro ser\u00e1 eliminado semanalmente cada viernes, para evitar virus y sobresaturaci\u00f3n de espacio.<\/p>\n<p style=\"padding-left: 40px;\">10. Registrarse en los sistemas de control que se soliciten, para cada uno de los espacios a utilizar. Este es un requisito indispensable para tener derecho a usar los servicios de LabSyCa.<\/p>\n<p style=\"padding-left: 40px;\">11. Los profesores que requieran utilizar el LabSyCa para clases extraordinarias, deber\u00e1n avisar por lo menos con un d\u00eda de anticipaci\u00f3n.<\/p>\n<h6><strong>Son infracciones consideradas motivo de sanci\u00f3n los siguientes:<\/strong><\/h6>\n<p style=\"padding-left: 40px;\">a. Compartir la cuenta de usuario de la FIE.<\/p>\n<p style=\"padding-left: 40px;\">b. Acceder a contenido pornogr\u00e1fico, obsceno u ofensivo de manera intencional.<\/p>\n<p style=\"padding-left: 40px;\">c. Acceder a sitios o programas de ocio locales o remotos.<\/p>\n<p style=\"padding-left: 40px;\">d. Abusar del espacio de almacenamiento.<\/p>\n<p style=\"padding-left: 40px;\">e. Da\u00f1ar, maltratar f\u00edsicamente el equipo de c\u00f3mputo, accesorios, materiales, mobiliario o cualquier otro bien perteneciente al LabSyCa.<\/p>\n<p style=\"padding-left: 40px;\">f. Quienes por su conducta, afecten a los usuarios dentro del espacio del LabSyCa.<\/p>\n<p style=\"padding-left: 40px;\">g. Ingresar con alimentos s\u00f3lidos o l\u00edquidos.<\/p>\n<p style=\"padding-left: 40px;\">h. Reincidencia (m\u00e1s de tres) en cualquiera de los conceptos anteriores.<\/p>\n<h4 style=\"text-align: center;\"><a href=\"https:\/\/www.fie.umich.mx\/lab-simulacion\/wp-content\/uploads\/sites\/11\/2021\/10\/reglamento-labsyca.pdf\" target=\"_blank\" rel=\"noopener\">Descargar reglamento<\/a><\/h4>\n","protected":false},"excerpt":{"rendered":"<p>Son obligaciones de los usuarios del LabSyCa, las siguientes: 1.<a class=\"more-link\" href=\"https:\/\/www.fie.umich.mx\/lab-simulacion\/reglamento\/\">Leer m\u00e1s \u2192<\/a><\/p>\n","protected":false},"author":2,"featured_media":0,"parent":0,"menu_order":0,"comment_status":"closed","ping_status":"closed","template":"","meta":{"wpupg_custom_link":[],"wpupg_custom_link_behaviour":["default"],"wpupg_custom_image":[],"wpupg_custom_image_id":[],"ngg_post_thumbnail":0,"cybocfi_hide_featured_image":""},"_links":{"self":[{"href":"https:\/\/www.fie.umich.mx\/lab-simulacion\/wp-json\/wp\/v2\/pages\/436"}],"collection":[{"href":"https:\/\/www.fie.umich.mx\/lab-simulacion\/wp-json\/wp\/v2\/pages"}],"about":[{"href":"https:\/\/www.fie.umich.mx\/lab-simulacion\/wp-json\/wp\/v2\/types\/page"}],"author":[{"embeddable":true,"href":"https:\/\/www.fie.umich.mx\/lab-simulacion\/wp-json\/wp\/v2\/users\/2"}],"replies":[{"embeddable":true,"href":"https:\/\/www.fie.umich.mx\/lab-simulacion\/wp-json\/wp\/v2\/comments?post=436"}],"version-history":[{"count":13,"href":"https:\/\/www.fie.umich.mx\/lab-simulacion\/wp-json\/wp\/v2\/pages\/436\/revisions"}],"predecessor-version":[{"id":501,"href":"https:\/\/www.fie.umich.mx\/lab-simulacion\/wp-json\/wp\/v2\/pages\/436\/revisions\/501"}],"wp:attachment":[{"href":"https:\/\/www.fie.umich.mx\/lab-simulacion\/wp-json\/wp\/v2\/media?parent=436"}],"curies":[{"name":"wp","href":"https:\/\/api.w.org\/{rel}","templated":true}]}}